{"id":12,"date":"2020-07-21T19:03:18","date_gmt":"2020-07-21T17:03:18","guid":{"rendered":"https:\/\/www.pom-coaching.be\/?page_id=12"},"modified":"2024-10-10T09:37:05","modified_gmt":"2024-10-10T07:37:05","slug":"accueil","status":"publish","type":"page","link":"https:\/\/www.beelexavocats.com\/en\/","title":{"rendered":"Home"},"content":{"rendered":"<h1>\n\t\tBeelex &#8211; L&rsquo;innovation au service de l&rsquo;expertise juridique\n\t<\/h1>\n\t<p>Personalised legal solutions for your success<\/p>\n\t\t\t<a href=\"https:\/\/www.beelexavocats.com\/en\/expertise\/\" target=\"_self\" rel=\"noopener\">\n\t\t\t\t\t\t\tExplore our services\n\t\t\t\t\t<\/a>\n<h2>\n\t\tWelcome to Beelex, your 360\u00b0 legal partner in Luxembourg\n\t<\/h2>\n\t<p>Beelex offers a comprehensive approach to Luxembourg <strong>law for entrepreneurs, SMEs,<\/strong> pour les entrepreneurs, les PME, les initiatives innovantes ainsi que les projets personnels ou familiaux. Forts d&rsquo;une <strong>With solid expertise<\/strong> et d&rsquo;une <strong>precise understanding<\/strong> of our clients' practical needs, we provide <strong>top-tier legal solutions<\/strong> to ensure the success <strong>of your projects<\/strong>.<\/p>\n\t\t<h2>\n\t\t\tNos domaines d&rsquo;expertise juridique\n\t\t<\/h2>\n\t\t\t<p>We cover a wide range of legal fields to meet your specific needs<\/p>\t\t\n\t\t<ul>\n\t\t\t\t\t<li>\n\t\t\t\t\n\t\t<p>Insurance and liability<\/p>\t\t\t\n\t\t\t<\/li>\n\t\t\t\t\t<li>\n\t\t\t\t\n\t\t<p>Commercial law and corporate law<\/p>\t\t\t\n\t\t\t<\/li>\n\t\t\t\t\t<li>\n\t\t\t\t\n\t\t<p>Employment law<\/p>\t\t\t\n\t\t\t<\/li>\n\t\t\t\t\t<li>\n\t\t\t\t\t\t\t\t\t\t\t<img decoding=\"async\" src=\"https:\/\/www.beelexavocats.ovh\/wp-content\/uploads\/2024\/07\/auction.png\" alt=\"auction\" role=\"presentation\" \/>\n\t\t\t\t\n\t\t<p>Litigation, arbitration and mediation<\/p>\t\t\t\n\t\t\t<\/li>\n\t\t\t\t\t<li>\n\t\t\t\t\t\t\t\t\t\t\t<img decoding=\"async\" src=\"https:\/\/www.beelexavocats.com\/wp-content\/uploads\/2024\/09\/002-gdpr-1.png\" alt=\"002-gdpr-1\" role=\"presentation\" \/>\n\t\t\t\t\n\t\t<p>GDPR compliance<\/p>\t\t\t\n\t\t\t<\/li>\n\t\t\t\t<\/ul>\n\t\t<ul>\n\t\t\t\t\t<li>\n\t\t\t\t\n\t\t<p>Real estate law<\/p>\t\t\t\n\t\t\t<\/li>\n\t\t\t\t\t<li>\n\t\t\t\t\t\t\t\t\t\t\t<img decoding=\"async\" src=\"https:\/\/www.beelexavocats.ovh\/wp-content\/uploads\/2024\/07\/analytics.png\" alt=\"analytics\" role=\"presentation\" \/>\n\t\t\t\t\n\t\t<p>Assistance for distressed businesses<\/p>\t\t\t\n\t\t\t<\/li>\n\t\t\t\t\t<li>\n\t\t\t\t\t\t\t\t\t\t\t<img decoding=\"async\" src=\"https:\/\/www.beelexavocats.ovh\/wp-content\/uploads\/2024\/07\/family.png\" alt=\"family\" role=\"presentation\" \/>\n\t\t\t\t\n\t\t<p>Civil law<\/p>\t\t\t\n\t\t\t<\/li>\n\t\t\t\t\t<li>\n\t\t\t\t\t\t\t\t\t\t\t<img decoding=\"async\" src=\"https:\/\/www.beelexavocats.com\/wp-content\/uploads\/2024\/09\/donation.png\" alt=\"donation\" role=\"presentation\" \/>\n\t\t\t\t\n\t\t<p>Debt recovery<\/p>\t\t\t\n\t\t\t<\/li>\n\t\t\t\t\t<li>\n\t\t\t\t\n\t\t\t<\/li>\n\t\t\t\t<\/ul>\n\t\t<h2>\n\t\t\tValues at the core of our practice\n\t\t<\/h2>\n\t\t\t<p>D\u00e9couvrez ce qui fait l&rsquo;essence de notre cabinet<\/p>\t\t\n\t\t\t<a href=\"https:\/\/www.beelexavocats.com\/en\/partenaire-juridique\/\" target=\"_self\" rel=\"noopener\">\n\t\t\t\t\t\t\t<img decoding=\"async\" src=\"https:\/\/www.beelexavocats.com\/wp-content\/uploads\/2024\/07\/001-handshake-1.png\" alt=\"Icone r\u00e9seau\" \/>\n\t\t<h3>Partnership<\/h3>\n\t\t<\/a>\n\t\t\t<a href=\"https:\/\/www.beelexavocats.com\/en\/partenaire-juridique\/\" target=\"_self\" rel=\"noopener\">\n\t\t\t\t\t\t\t<img decoding=\"async\" src=\"https:\/\/www.beelexavocats.com\/wp-content\/uploads\/2024\/07\/002-solution-1.png\" alt=\"Icone Solution\" \/>\n\t\t<h3>Solution-oriented<\/h3>\n\t\t<\/a>\n\t\t\t<a href=\"https:\/\/www.beelexavocats.com\/en\/partenaire-juridique\/\" target=\"_self\" rel=\"noopener\">\n\t\t\t\t\t\t\t<img decoding=\"async\" src=\"https:\/\/www.beelexavocats.com\/wp-content\/uploads\/2024\/07\/003-availability-1.png\" alt=\"Icone disponibilit\u00e9\" \/>\n\t\t<h3>Availability<\/h3>\n\t\t<\/a>\n\t\t<h2>\n\t\t\tWhy choose Beelex \n\t\t<\/h2>\n\t\t<h3>\n\t\t\tUnparalleled expertise\n\t\t<\/h3>\n\t\t\t<p>Notre cabinet poss\u00e8de une connaissance approfondie et une vaste exp\u00e9rience dans divers domaines du droit, garantissant la protection et l&rsquo;optimisation de vos int\u00e9r\u00eats.<\/p>\t\t\n\t\t<h3>\n\t\t\tPersonalised approach\n\t\t<\/h3>\n\t\t\t<p>Every client is unique. We offer tailored legal solutions to meet your specific needs for optimal results.<\/p>\t\t\n\t\t\t<a href=\"https:\/\/www.beelexavocats.com\/en\/contact\/\" target=\"_self\" rel=\"noopener\">\n\t\t\t\t\t\t\tContactez-nous d\u00e8s aujourd&rsquo;hui pour une consultation sur mesure\n\t\t\t\t\t<\/a>","protected":false},"excerpt":{"rendered":"<p>Beelex &#8211; L&rsquo;innovation au service de l&rsquo;expertise juridique Des solutions juridiques personnalis\u00e9es pour votre succ\u00e8s Explorez nos services Bienvenue chez Beelex, votre partenaire juridique \u00e0 360\u00b0 au Luxembourg Beelex propose une approche globale du droit luxembourgeois pour les entrepreneurs, les PME, les initiatives innovantes ainsi que les projets personnels ou familiaux. Forts d&rsquo;une expertise solide&hellip;<\/p>","protected":false},"author":2,"featured_media":0,"parent":0,"menu_order":0,"comment_status":"closed","ping_status":"closed","template":"","meta":{"footnotes":""},"class_list":["post-12","page","type-page","status-publish","hentry"],"yoast_head":"<!-- This site is optimized with the Yoast SEO plugin v25.3 - https:\/\/yoast.com\/wordpress\/plugins\/seo\/ -->\n<title>Beelex - L&#039;innovation au service de l&#039;expertise juridique<\/title>\n<meta name=\"description\" content=\"D\u00e9couvrez Beelex, votre cabinet d&#039;avocats \u00e0 Luxembourg, offrant une approche \u00e0 360\u00b0 du droit pour les entrepreneurs, les PME et les projets innovants. Expertise, partenariat et disponibilit\u00e9 au service de votre r\u00e9ussite. Contactez-nous pour des solutions juridiques personnalis\u00e9es.\" \/>\n<meta name=\"robots\" content=\"index, follow, max-snippet:-1, max-image-preview:large, max-video-preview:-1\" \/>\n<link rel=\"canonical\" href=\"https:\/\/www.beelexavocats.com\/en\/accueil\/\" \/>\n<meta property=\"og:locale\" content=\"en_GB\" \/>\n<meta property=\"og:type\" content=\"article\" \/>\n<meta property=\"og:title\" content=\"Beelex - L&#039;innovation au service de l&#039;expertise juridique\" \/>\n<meta property=\"og:description\" content=\"D\u00e9couvrez Beelex, votre cabinet d&#039;avocats \u00e0 Luxembourg, offrant une approche \u00e0 360\u00b0 du droit pour les entrepreneurs, les PME et les projets innovants. Expertise, partenariat et disponibilit\u00e9 au service de votre r\u00e9ussite. Contactez-nous pour des solutions juridiques personnalis\u00e9es.\" \/>\n<meta property=\"og:url\" content=\"https:\/\/www.beelexavocats.com\/en\/accueil\/\" \/>\n<meta property=\"og:site_name\" content=\"Beelex\" \/>\n<meta property=\"article:modified_time\" content=\"2024-10-10T07:37:05+00:00\" \/>\n<meta property=\"og:image\" content=\"https:\/\/www.beelexavocats.ovh\/wp-content\/uploads\/2024\/07\/auction.png\" \/>\n<meta name=\"twitter:card\" content=\"summary_large_image\" \/>\n<meta name=\"twitter:label1\" content=\"Estimated reading time\" \/>\n\t<meta name=\"twitter:data1\" content=\"3 minutes\" \/>\n<script type=\"application\/ld+json\" class=\"yoast-schema-graph\">{\"@context\":\"https:\/\/schema.org\",\"@graph\":[{\"@type\":\"WebPage\",\"@id\":\"https:\/\/www.beelexavocats.com\/fr\/accueil\/\",\"url\":\"https:\/\/www.beelexavocats.com\/fr\/accueil\/\",\"name\":\"Beelex - L'innovation au service de l'expertise juridique\",\"isPartOf\":{\"@id\":\"https:\/\/www.beelexavocats.com\/#website\"},\"primaryImageOfPage\":{\"@id\":\"https:\/\/www.beelexavocats.com\/fr\/accueil\/#primaryimage\"},\"image\":{\"@id\":\"https:\/\/www.beelexavocats.com\/fr\/accueil\/#primaryimage\"},\"thumbnailUrl\":\"https:\/\/www.beelexavocats.ovh\/wp-content\/uploads\/2024\/07\/auction.png\",\"datePublished\":\"2020-07-21T17:03:18+00:00\",\"dateModified\":\"2024-10-10T07:37:05+00:00\",\"description\":\"D\u00e9couvrez Beelex, votre cabinet d'avocats \u00e0 Luxembourg, offrant une approche \u00e0 360\u00b0 du droit pour les entrepreneurs, les PME et les projets innovants. Expertise, partenariat et disponibilit\u00e9 au service de votre r\u00e9ussite. Contactez-nous pour des solutions juridiques personnalis\u00e9es.\",\"breadcrumb\":{\"@id\":\"https:\/\/www.beelexavocats.com\/fr\/accueil\/#breadcrumb\"},\"inLanguage\":\"en-GB\",\"potentialAction\":[{\"@type\":\"ReadAction\",\"target\":[\"https:\/\/www.beelexavocats.com\/fr\/accueil\/\"]}]},{\"@type\":\"ImageObject\",\"inLanguage\":\"en-GB\",\"@id\":\"https:\/\/www.beelexavocats.com\/fr\/accueil\/#primaryimage\",\"url\":\"https:\/\/www.beelexavocats.ovh\/wp-content\/uploads\/2024\/07\/auction.png\",\"contentUrl\":\"https:\/\/www.beelexavocats.ovh\/wp-content\/uploads\/2024\/07\/auction.png\"},{\"@type\":\"BreadcrumbList\",\"@id\":\"https:\/\/www.beelexavocats.com\/fr\/accueil\/#breadcrumb\",\"itemListElement\":[{\"@type\":\"ListItem\",\"position\":1,\"name\":\"Accueil\",\"item\":\"https:\/\/www.beelexavocats.com\/fr\/accueil\/\"},{\"@type\":\"ListItem\",\"position\":2,\"name\":\"Accueil\"}]},{\"@type\":\"WebSite\",\"@id\":\"https:\/\/www.beelexavocats.com\/#website\",\"url\":\"https:\/\/www.beelexavocats.com\/\",\"name\":\"Beelex Avocats\",\"description\":\"Partenaire juridique \u00e0 360\u00b0 au Luxembourg\",\"publisher\":{\"@id\":\"https:\/\/www.beelexavocats.com\/#organization\"},\"potentialAction\":[{\"@type\":\"SearchAction\",\"target\":{\"@type\":\"EntryPoint\",\"urlTemplate\":\"https:\/\/www.beelexavocats.com\/?s={search_term_string}\"},\"query-input\":{\"@type\":\"PropertyValueSpecification\",\"valueRequired\":true,\"valueName\":\"search_term_string\"}}],\"inLanguage\":\"en-GB\"},{\"@type\":\"Organization\",\"@id\":\"https:\/\/www.beelexavocats.com\/#organization\",\"name\":\"Beelex Avocats\",\"url\":\"https:\/\/www.beelexavocats.com\/\",\"logo\":{\"@type\":\"ImageObject\",\"inLanguage\":\"en-GB\",\"@id\":\"https:\/\/www.beelexavocats.com\/#\/schema\/logo\/image\/\",\"url\":\"https:\/\/www.beelexavocats.com\/wp-content\/uploads\/2024\/07\/Beelex-logo-blanc.png\",\"contentUrl\":\"https:\/\/www.beelexavocats.com\/wp-content\/uploads\/2024\/07\/Beelex-logo-blanc.png\",\"width\":1890,\"height\":1890,\"caption\":\"Beelex Avocats\"},\"image\":{\"@id\":\"https:\/\/www.beelexavocats.com\/#\/schema\/logo\/image\/\"}}]}<\/script>\n<!-- \/ Yoast SEO plugin. -->","yoast_head_json":{"title":"Beelex - L'innovation au service de l'expertise juridique","description":"D\u00e9couvrez Beelex, votre cabinet d'avocats \u00e0 Luxembourg, offrant une approche \u00e0 360\u00b0 du droit pour les entrepreneurs, les PME et les projets innovants. Expertise, partenariat et disponibilit\u00e9 au service de votre r\u00e9ussite. Contactez-nous pour des solutions juridiques personnalis\u00e9es.","robots":{"index":"index","follow":"follow","max-snippet":"max-snippet:-1","max-image-preview":"max-image-preview:large","max-video-preview":"max-video-preview:-1"},"canonical":"https:\/\/www.beelexavocats.com\/en\/accueil\/","og_locale":"en_GB","og_type":"article","og_title":"Beelex - L'innovation au service de l'expertise juridique","og_description":"D\u00e9couvrez Beelex, votre cabinet d'avocats \u00e0 Luxembourg, offrant une approche \u00e0 360\u00b0 du droit pour les entrepreneurs, les PME et les projets innovants. Expertise, partenariat et disponibilit\u00e9 au service de votre r\u00e9ussite. Contactez-nous pour des solutions juridiques personnalis\u00e9es.","og_url":"https:\/\/www.beelexavocats.com\/en\/accueil\/","og_site_name":"Beelex","article_modified_time":"2024-10-10T07:37:05+00:00","og_image":[{"url":"https:\/\/www.beelexavocats.ovh\/wp-content\/uploads\/2024\/07\/auction.png","type":"","width":"","height":""}],"twitter_card":"summary_large_image","twitter_misc":{"Estimated reading time":"3 minutes"},"schema":{"@context":"https:\/\/schema.org","@graph":[{"@type":"WebPage","@id":"https:\/\/www.beelexavocats.com\/fr\/accueil\/","url":"https:\/\/www.beelexavocats.com\/fr\/accueil\/","name":"Beelex - L'innovation au service de l'expertise juridique","isPartOf":{"@id":"https:\/\/www.beelexavocats.com\/#website"},"primaryImageOfPage":{"@id":"https:\/\/www.beelexavocats.com\/fr\/accueil\/#primaryimage"},"image":{"@id":"https:\/\/www.beelexavocats.com\/fr\/accueil\/#primaryimage"},"thumbnailUrl":"https:\/\/www.beelexavocats.ovh\/wp-content\/uploads\/2024\/07\/auction.png","datePublished":"2020-07-21T17:03:18+00:00","dateModified":"2024-10-10T07:37:05+00:00","description":"D\u00e9couvrez Beelex, votre cabinet d'avocats \u00e0 Luxembourg, offrant une approche \u00e0 360\u00b0 du droit pour les entrepreneurs, les PME et les projets innovants. Expertise, partenariat et disponibilit\u00e9 au service de votre r\u00e9ussite. Contactez-nous pour des solutions juridiques personnalis\u00e9es.","breadcrumb":{"@id":"https:\/\/www.beelexavocats.com\/fr\/accueil\/#breadcrumb"},"inLanguage":"en-GB","potentialAction":[{"@type":"ReadAction","target":["https:\/\/www.beelexavocats.com\/fr\/accueil\/"]}]},{"@type":"ImageObject","inLanguage":"en-GB","@id":"https:\/\/www.beelexavocats.com\/fr\/accueil\/#primaryimage","url":"https:\/\/www.beelexavocats.ovh\/wp-content\/uploads\/2024\/07\/auction.png","contentUrl":"https:\/\/www.beelexavocats.ovh\/wp-content\/uploads\/2024\/07\/auction.png"},{"@type":"BreadcrumbList","@id":"https:\/\/www.beelexavocats.com\/fr\/accueil\/#breadcrumb","itemListElement":[{"@type":"ListItem","position":1,"name":"Accueil","item":"https:\/\/www.beelexavocats.com\/fr\/accueil\/"},{"@type":"ListItem","position":2,"name":"Accueil"}]},{"@type":"WebSite","@id":"https:\/\/www.beelexavocats.com\/#website","url":"https:\/\/www.beelexavocats.com\/","name":"Beelex Avocats","description":"Partenaire juridique \u00e0 360\u00b0 au Luxembourg","publisher":{"@id":"https:\/\/www.beelexavocats.com\/#organization"},"potentialAction":[{"@type":"SearchAction","target":{"@type":"EntryPoint","urlTemplate":"https:\/\/www.beelexavocats.com\/?s={search_term_string}"},"query-input":{"@type":"PropertyValueSpecification","valueRequired":true,"valueName":"search_term_string"}}],"inLanguage":"en-GB"},{"@type":"Organization","@id":"https:\/\/www.beelexavocats.com\/#organization","name":"Beelex Avocats","url":"https:\/\/www.beelexavocats.com\/","logo":{"@type":"ImageObject","inLanguage":"en-GB","@id":"https:\/\/www.beelexavocats.com\/#\/schema\/logo\/image\/","url":"https:\/\/www.beelexavocats.com\/wp-content\/uploads\/2024\/07\/Beelex-logo-blanc.png","contentUrl":"https:\/\/www.beelexavocats.com\/wp-content\/uploads\/2024\/07\/Beelex-logo-blanc.png","width":1890,"height":1890,"caption":"Beelex Avocats"},"image":{"@id":"https:\/\/www.beelexavocats.com\/#\/schema\/logo\/image\/"}}]}},"_links":{"self":[{"href":"https:\/\/www.beelexavocats.com\/en\/wp-json\/wp\/v2\/pages\/12","targetHints":{"allow":["GET"]}}],"collection":[{"href":"https:\/\/www.beelexavocats.com\/en\/wp-json\/wp\/v2\/pages"}],"about":[{"href":"https:\/\/www.beelexavocats.com\/en\/wp-json\/wp\/v2\/types\/page"}],"author":[{"embeddable":true,"href":"https:\/\/www.beelexavocats.com\/en\/wp-json\/wp\/v2\/users\/2"}],"replies":[{"embeddable":true,"href":"https:\/\/www.beelexavocats.com\/en\/wp-json\/wp\/v2\/comments?post=12"}],"version-history":[{"count":43,"href":"https:\/\/www.beelexavocats.com\/en\/wp-json\/wp\/v2\/pages\/12\/revisions"}],"predecessor-version":[{"id":858,"href":"https:\/\/www.beelexavocats.com\/en\/wp-json\/wp\/v2\/pages\/12\/revisions\/858"}],"wp:attachment":[{"href":"https:\/\/www.beelexavocats.com\/en\/wp-json\/wp\/v2\/media?parent=12"}],"curies":[{"name":"wp","href":"https:\/\/api.w.org\/{rel}","templated":true}]}}