{"id":783,"date":"2024-08-26T13:10:18","date_gmt":"2024-08-26T11:10:18","guid":{"rendered":"https:\/\/www.beelexavocats.com\/?page_id=783"},"modified":"2024-10-11T11:36:33","modified_gmt":"2024-10-11T09:36:33","slug":"partenaire-juridique","status":"publish","type":"page","link":"https:\/\/www.beelexavocats.com\/en\/partenaire-juridique\/","title":{"rendered":"About us"},"content":{"rendered":"<h1>\n\t\tBeelex &#8211; Votre partenaire juridique de confiance\n\t<\/h1>\n\t<p>D\u00e9couvrez l&rsquo;essence de notre cabinet d&rsquo;avocats<\/p>\n\t\t\t<a href=\"https:\/\/www.beelexavocats.com\/en\/contact\/\" target=\"_self\" rel=\"noopener\">\n\t\t\t\t\t\t\tMeet our team\n\t\t\t\t\t<\/a>\n<h2>\n\t\tNotre engagement pour votre r\u00e9ussite\n\t<\/h2>\n\t<p>Our <strong>mission<\/strong> est d&rsquo;<strong>accompany<\/strong> and <strong>support<\/strong> our clients at every stage of their entrepreneurial journey, offering <strong>legal advice<\/strong> high- <strong>quality<\/strong> and tailored <strong>solutions.<\/strong>We aim to become the go-to legal partner in <strong>Luxembourg<\/strong> pour les entrepreneurs et les initiateurs de projets, en mettant l&rsquo;<strong>innovation<\/strong> at the heart of our practice.<\/p>\n\t\t<h2>\n\t\t\tThe values that drive us\n\t\t<\/h2>\n\t\t\t\t\t\t\t<img decoding=\"async\" src=\"https:\/\/www.beelexavocats.com\/wp-content\/uploads\/2024\/07\/001-handshake-1.png\" alt=\"Icone r\u00e9seau\" \/>\n\t\t<h3>Partnership<\/h3>\n\t\t\t<p>We are committed to establishing long-term, trust-based relationships with our clients, being their preferred partner at every stage.<\/p>\t\t\n\t\t\t\t\t\t\t<img decoding=\"async\" src=\"https:\/\/www.beelexavocats.com\/wp-content\/uploads\/2024\/07\/002-solution-1.png\" alt=\"Icone Solution\" \/>\n\t\t<h3>Solution-oriented<\/h3>\n\t\t\t<p>Nous nous effor\u00e7ons d&rsquo;offrir des solutions juridiques pratiques et efficaces, adapt\u00e9es aux besoins sp\u00e9cifiques de chaque client.<\/p>\t\t\n\t\t\t\t\t\t\t<img decoding=\"async\" src=\"https:\/\/www.beelexavocats.com\/wp-content\/uploads\/2024\/07\/003-availability-1.png\" alt=\"Icone disponibilit\u00e9\" \/>\n\t\t<h3>Availability<\/h3>\n\t\t\t<p>We offer prompt and responsive assistance to address our clients' legal concerns.<\/p>\t\t\n\t\t<h2>\n\t\t\tA dedicated team at your service\n\t\t<\/h2>\n\t\t\t<p>Meet the experts at Beelex, who bring their skills and passion to your projects.<\/p>\t\t\n                        <img loading=\"lazy\" decoding=\"async\" src=\"https:\/\/www.beelexavocats.com\/wp-content\/uploads\/bb-plugin\/cache\/Aurelia-circle.jpg\" alt=\"Aur\u00e9lia avocat beelex\" itemprop=\"image\" height=\"1000\" width=\"1000\" title=\"Aure\u0301lia\"  \/>\n\t\t                    <h4>Aur\u00e9lia FELTZ<\/h4>\n                \t\t        \tPartner, Avocat \u00e0 la Cour\n            <ul>\n\t\t\t\t                    <li>\n\t\t\t\t\t\t<a href=\"mailto:aurelia.feltz@beelexavocats.com\">\n\t\t\t\t\t\t<\/a>\n\t\t\t\t\t<\/li>\n                                                                                                                                                                                                                \t\t\t\t            <\/ul>\n                        <img loading=\"lazy\" decoding=\"async\" src=\"https:\/\/www.beelexavocats.com\/wp-content\/uploads\/bb-plugin\/cache\/Stephanie-circle.jpg\" alt=\"Stephanie avocat beelex\" itemprop=\"image\" height=\"1000\" width=\"1000\" title=\"Ste\u0301phanie\"  \/>\n\t\t                    <h4>St\u00e9phanie BASTIN HUMBERT<\/h4>\n                \t\t        \tAvocat \u00e0 la Cour\n            <ul>\n\t\t\t\t                    <li>\n\t\t\t\t\t\t<a href=\"mailto:stephanie.bastin@beelexavocats.com\">\n\t\t\t\t\t\t<\/a>\n\t\t\t\t\t<\/li>\n                                                                                                                                                                                                                \t\t\t\t            <\/ul>\n                        <img loading=\"lazy\" decoding=\"async\" src=\"https:\/\/www.beelexavocats.com\/wp-content\/uploads\/bb-plugin\/cache\/Silvana-circle.jpg\" alt=\"Silvana assistante juridique beelex\" itemprop=\"image\" height=\"1000\" width=\"1000\" title=\"Silvana\"  \/>\n\t\t                    <h4>Silvana CURCI<\/h4>\n                \t\t        \tAssistante Juridique\n            <ul>\n\t\t\t\t                    <li>\n\t\t\t\t\t\t<a href=\"mailto:silvana.curci@beelexavocats.com\">\n\t\t\t\t\t\t<\/a>\n\t\t\t\t\t<\/li>\n                                                                                                                                                                                                                \t\t\t\t            <\/ul>\n                        <img loading=\"lazy\" decoding=\"async\" src=\"https:\/\/www.beelexavocats.com\/wp-content\/uploads\/bb-plugin\/cache\/woman-avatar-circle.png\" alt=\"icone avocate\" itemprop=\"image\" height=\"512\" width=\"512\" title=\"Avocats Beelex\"  \/>\n\t\t                    <h4>Julie MALAINHO<\/h4>\n                \t\t        \tAvocate au Barreau de Luxembourg\n\t\t\t<a href=\"https:\/\/www.beelexavocats.com\/en\/contact\/\" target=\"_self\" rel=\"noopener\">\n\t\t\t\t\t\t\tReady to achieve success with us? Contact us!\n\t\t\t\t\t<\/a>","protected":false},"excerpt":{"rendered":"<p>Beelex &#8211; Votre partenaire juridique de confiance D\u00e9couvrez l&rsquo;essence de notre cabinet d&rsquo;avocats Rencontrez notre \u00e9quipe Notre engagement pour votre r\u00e9ussite Notre mission est d&rsquo;accompagner et de soutenir nos clients \u00e0 chaque \u00e9tape de leur parcours entrepreneurial, en offrant des conseils juridiques de haute qualit\u00e9 et en proposant des solutions sur mesure. Nous visons \u00e0&hellip;<\/p>","protected":false},"author":2,"featured_media":0,"parent":0,"menu_order":0,"comment_status":"closed","ping_status":"closed","template":"","meta":{"footnotes":""},"class_list":["post-783","page","type-page","status-publish","hentry"],"yoast_head":"<!-- This site is optimized with the Yoast SEO plugin v25.3 - https:\/\/yoast.com\/wordpress\/plugins\/seo\/ -->\n<title>Beelex \u2013 Votre partenaire juridique de confiance<\/title>\n<meta name=\"description\" content=\"D\u00e9couvrez Beelex, votre cabinet d&#039;avocats \u00e0 Luxembourg, engag\u00e9 \u00e0 offrir des solutions juridiques innovantes et sur mesure. Rencontrez notre \u00e9quipe d&#039;experts d\u00e9di\u00e9s \u00e0 votre r\u00e9ussite. Contactez-nous pour en savoir plus sur notre mission et nos valeurs.\" \/>\n<meta name=\"robots\" content=\"index, follow, max-snippet:-1, max-image-preview:large, max-video-preview:-1\" \/>\n<link rel=\"canonical\" href=\"https:\/\/www.beelexavocats.com\/en\/partenaire-juridique\/\" \/>\n<meta property=\"og:locale\" content=\"en_GB\" \/>\n<meta property=\"og:type\" content=\"article\" \/>\n<meta property=\"og:title\" content=\"Beelex \u2013 Votre partenaire juridique de confiance\" \/>\n<meta property=\"og:description\" content=\"D\u00e9couvrez Beelex, votre cabinet d&#039;avocats \u00e0 Luxembourg, engag\u00e9 \u00e0 offrir des solutions juridiques innovantes et sur mesure. Rencontrez notre \u00e9quipe d&#039;experts d\u00e9di\u00e9s \u00e0 votre r\u00e9ussite. Contactez-nous pour en savoir plus sur notre mission et nos valeurs.\" \/>\n<meta property=\"og:url\" content=\"https:\/\/www.beelexavocats.com\/en\/partenaire-juridique\/\" \/>\n<meta property=\"og:site_name\" content=\"Beelex\" \/>\n<meta property=\"article:modified_time\" content=\"2024-10-11T09:36:33+00:00\" \/>\n<meta property=\"og:image\" content=\"https:\/\/www.beelexavocats.com\/wp-content\/uploads\/2024\/07\/001-handshake-1.png\" \/>\n<meta name=\"twitter:card\" content=\"summary_large_image\" \/>\n<meta name=\"twitter:label1\" content=\"Estimated reading time\" \/>\n\t<meta name=\"twitter:data1\" content=\"3 minutes\" \/>\n<script type=\"application\/ld+json\" class=\"yoast-schema-graph\">{\"@context\":\"https:\/\/schema.org\",\"@graph\":[{\"@type\":\"WebPage\",\"@id\":\"https:\/\/www.beelexavocats.com\/fr\/partenaire-juridique\/\",\"url\":\"https:\/\/www.beelexavocats.com\/fr\/partenaire-juridique\/\",\"name\":\"Beelex \u2013 Votre partenaire juridique de confiance\",\"isPartOf\":{\"@id\":\"https:\/\/www.beelexavocats.com\/#website\"},\"primaryImageOfPage\":{\"@id\":\"https:\/\/www.beelexavocats.com\/fr\/partenaire-juridique\/#primaryimage\"},\"image\":{\"@id\":\"https:\/\/www.beelexavocats.com\/fr\/partenaire-juridique\/#primaryimage\"},\"thumbnailUrl\":\"https:\/\/www.beelexavocats.com\/wp-content\/uploads\/2024\/07\/001-handshake-1.png\",\"datePublished\":\"2024-08-26T11:10:18+00:00\",\"dateModified\":\"2024-10-11T09:36:33+00:00\",\"description\":\"D\u00e9couvrez Beelex, votre cabinet d'avocats \u00e0 Luxembourg, engag\u00e9 \u00e0 offrir des solutions juridiques innovantes et sur mesure. Rencontrez notre \u00e9quipe d'experts d\u00e9di\u00e9s \u00e0 votre r\u00e9ussite. Contactez-nous pour en savoir plus sur notre mission et nos valeurs.\",\"breadcrumb\":{\"@id\":\"https:\/\/www.beelexavocats.com\/fr\/partenaire-juridique\/#breadcrumb\"},\"inLanguage\":\"en-GB\",\"potentialAction\":[{\"@type\":\"ReadAction\",\"target\":[\"https:\/\/www.beelexavocats.com\/fr\/partenaire-juridique\/\"]}]},{\"@type\":\"ImageObject\",\"inLanguage\":\"en-GB\",\"@id\":\"https:\/\/www.beelexavocats.com\/fr\/partenaire-juridique\/#primaryimage\",\"url\":\"https:\/\/www.beelexavocats.com\/wp-content\/uploads\/2024\/07\/001-handshake-1.png\",\"contentUrl\":\"https:\/\/www.beelexavocats.com\/wp-content\/uploads\/2024\/07\/001-handshake-1.png\"},{\"@type\":\"BreadcrumbList\",\"@id\":\"https:\/\/www.beelexavocats.com\/fr\/partenaire-juridique\/#breadcrumb\",\"itemListElement\":[{\"@type\":\"ListItem\",\"position\":1,\"name\":\"Accueil\",\"item\":\"https:\/\/www.beelexavocats.com\/fr\/accueil\/\"},{\"@type\":\"ListItem\",\"position\":2,\"name\":\"Le cabinet\"}]},{\"@type\":\"WebSite\",\"@id\":\"https:\/\/www.beelexavocats.com\/#website\",\"url\":\"https:\/\/www.beelexavocats.com\/\",\"name\":\"Beelex Avocats\",\"description\":\"Partenaire juridique \u00e0 360\u00b0 au Luxembourg\",\"publisher\":{\"@id\":\"https:\/\/www.beelexavocats.com\/#organization\"},\"potentialAction\":[{\"@type\":\"SearchAction\",\"target\":{\"@type\":\"EntryPoint\",\"urlTemplate\":\"https:\/\/www.beelexavocats.com\/?s={search_term_string}\"},\"query-input\":{\"@type\":\"PropertyValueSpecification\",\"valueRequired\":true,\"valueName\":\"search_term_string\"}}],\"inLanguage\":\"en-GB\"},{\"@type\":\"Organization\",\"@id\":\"https:\/\/www.beelexavocats.com\/#organization\",\"name\":\"Beelex Avocats\",\"url\":\"https:\/\/www.beelexavocats.com\/\",\"logo\":{\"@type\":\"ImageObject\",\"inLanguage\":\"en-GB\",\"@id\":\"https:\/\/www.beelexavocats.com\/#\/schema\/logo\/image\/\",\"url\":\"https:\/\/www.beelexavocats.com\/wp-content\/uploads\/2024\/07\/Beelex-logo-blanc.png\",\"contentUrl\":\"https:\/\/www.beelexavocats.com\/wp-content\/uploads\/2024\/07\/Beelex-logo-blanc.png\",\"width\":1890,\"height\":1890,\"caption\":\"Beelex Avocats\"},\"image\":{\"@id\":\"https:\/\/www.beelexavocats.com\/#\/schema\/logo\/image\/\"}}]}<\/script>\n<!-- \/ Yoast SEO plugin. -->","yoast_head_json":{"title":"Beelex \u2013 Votre partenaire juridique de confiance","description":"D\u00e9couvrez Beelex, votre cabinet d'avocats \u00e0 Luxembourg, engag\u00e9 \u00e0 offrir des solutions juridiques innovantes et sur mesure. Rencontrez notre \u00e9quipe d'experts d\u00e9di\u00e9s \u00e0 votre r\u00e9ussite. Contactez-nous pour en savoir plus sur notre mission et nos valeurs.","robots":{"index":"index","follow":"follow","max-snippet":"max-snippet:-1","max-image-preview":"max-image-preview:large","max-video-preview":"max-video-preview:-1"},"canonical":"https:\/\/www.beelexavocats.com\/en\/partenaire-juridique\/","og_locale":"en_GB","og_type":"article","og_title":"Beelex \u2013 Votre partenaire juridique de confiance","og_description":"D\u00e9couvrez Beelex, votre cabinet d'avocats \u00e0 Luxembourg, engag\u00e9 \u00e0 offrir des solutions juridiques innovantes et sur mesure. Rencontrez notre \u00e9quipe d'experts d\u00e9di\u00e9s \u00e0 votre r\u00e9ussite. Contactez-nous pour en savoir plus sur notre mission et nos valeurs.","og_url":"https:\/\/www.beelexavocats.com\/en\/partenaire-juridique\/","og_site_name":"Beelex","article_modified_time":"2024-10-11T09:36:33+00:00","og_image":[{"url":"https:\/\/www.beelexavocats.com\/wp-content\/uploads\/2024\/07\/001-handshake-1.png","type":"","width":"","height":""}],"twitter_card":"summary_large_image","twitter_misc":{"Estimated reading time":"3 minutes"},"schema":{"@context":"https:\/\/schema.org","@graph":[{"@type":"WebPage","@id":"https:\/\/www.beelexavocats.com\/fr\/partenaire-juridique\/","url":"https:\/\/www.beelexavocats.com\/fr\/partenaire-juridique\/","name":"Beelex \u2013 Votre partenaire juridique de confiance","isPartOf":{"@id":"https:\/\/www.beelexavocats.com\/#website"},"primaryImageOfPage":{"@id":"https:\/\/www.beelexavocats.com\/fr\/partenaire-juridique\/#primaryimage"},"image":{"@id":"https:\/\/www.beelexavocats.com\/fr\/partenaire-juridique\/#primaryimage"},"thumbnailUrl":"https:\/\/www.beelexavocats.com\/wp-content\/uploads\/2024\/07\/001-handshake-1.png","datePublished":"2024-08-26T11:10:18+00:00","dateModified":"2024-10-11T09:36:33+00:00","description":"D\u00e9couvrez Beelex, votre cabinet d'avocats \u00e0 Luxembourg, engag\u00e9 \u00e0 offrir des solutions juridiques innovantes et sur mesure. Rencontrez notre \u00e9quipe d'experts d\u00e9di\u00e9s \u00e0 votre r\u00e9ussite. Contactez-nous pour en savoir plus sur notre mission et nos valeurs.","breadcrumb":{"@id":"https:\/\/www.beelexavocats.com\/fr\/partenaire-juridique\/#breadcrumb"},"inLanguage":"en-GB","potentialAction":[{"@type":"ReadAction","target":["https:\/\/www.beelexavocats.com\/fr\/partenaire-juridique\/"]}]},{"@type":"ImageObject","inLanguage":"en-GB","@id":"https:\/\/www.beelexavocats.com\/fr\/partenaire-juridique\/#primaryimage","url":"https:\/\/www.beelexavocats.com\/wp-content\/uploads\/2024\/07\/001-handshake-1.png","contentUrl":"https:\/\/www.beelexavocats.com\/wp-content\/uploads\/2024\/07\/001-handshake-1.png"},{"@type":"BreadcrumbList","@id":"https:\/\/www.beelexavocats.com\/fr\/partenaire-juridique\/#breadcrumb","itemListElement":[{"@type":"ListItem","position":1,"name":"Accueil","item":"https:\/\/www.beelexavocats.com\/fr\/accueil\/"},{"@type":"ListItem","position":2,"name":"Le cabinet"}]},{"@type":"WebSite","@id":"https:\/\/www.beelexavocats.com\/#website","url":"https:\/\/www.beelexavocats.com\/","name":"Beelex Avocats","description":"Partenaire juridique \u00e0 360\u00b0 au Luxembourg","publisher":{"@id":"https:\/\/www.beelexavocats.com\/#organization"},"potentialAction":[{"@type":"SearchAction","target":{"@type":"EntryPoint","urlTemplate":"https:\/\/www.beelexavocats.com\/?s={search_term_string}"},"query-input":{"@type":"PropertyValueSpecification","valueRequired":true,"valueName":"search_term_string"}}],"inLanguage":"en-GB"},{"@type":"Organization","@id":"https:\/\/www.beelexavocats.com\/#organization","name":"Beelex Avocats","url":"https:\/\/www.beelexavocats.com\/","logo":{"@type":"ImageObject","inLanguage":"en-GB","@id":"https:\/\/www.beelexavocats.com\/#\/schema\/logo\/image\/","url":"https:\/\/www.beelexavocats.com\/wp-content\/uploads\/2024\/07\/Beelex-logo-blanc.png","contentUrl":"https:\/\/www.beelexavocats.com\/wp-content\/uploads\/2024\/07\/Beelex-logo-blanc.png","width":1890,"height":1890,"caption":"Beelex Avocats"},"image":{"@id":"https:\/\/www.beelexavocats.com\/#\/schema\/logo\/image\/"}}]}},"_links":{"self":[{"href":"https:\/\/www.beelexavocats.com\/en\/wp-json\/wp\/v2\/pages\/783","targetHints":{"allow":["GET"]}}],"collection":[{"href":"https:\/\/www.beelexavocats.com\/en\/wp-json\/wp\/v2\/pages"}],"about":[{"href":"https:\/\/www.beelexavocats.com\/en\/wp-json\/wp\/v2\/types\/page"}],"author":[{"embeddable":true,"href":"https:\/\/www.beelexavocats.com\/en\/wp-json\/wp\/v2\/users\/2"}],"replies":[{"embeddable":true,"href":"https:\/\/www.beelexavocats.com\/en\/wp-json\/wp\/v2\/comments?post=783"}],"version-history":[{"count":13,"href":"https:\/\/www.beelexavocats.com\/en\/wp-json\/wp\/v2\/pages\/783\/revisions"}],"predecessor-version":[{"id":869,"href":"https:\/\/www.beelexavocats.com\/en\/wp-json\/wp\/v2\/pages\/783\/revisions\/869"}],"wp:attachment":[{"href":"https:\/\/www.beelexavocats.com\/en\/wp-json\/wp\/v2\/media?parent=783"}],"curies":[{"name":"wp","href":"https:\/\/api.w.org\/{rel}","templated":true}]}}