{"id":12,"date":"2020-07-21T19:03:18","date_gmt":"2020-07-21T17:03:18","guid":{"rendered":"https:\/\/www.pom-coaching.be\/?page_id=12"},"modified":"2024-10-10T09:37:05","modified_gmt":"2024-10-10T07:37:05","slug":"accueil","status":"publish","type":"page","link":"https:\/\/www.beelexavocats.com\/fr\/","title":{"rendered":"Accueil"},"content":{"rendered":"\n\n<h1>\n\t\tBeelex &#8211; L&rsquo;innovation au service de l&rsquo;expertise juridique\n\t<\/h1>\n\t<p>Des solutions juridiques personnalis\u00e9es pour votre succ\u00e8s<\/p>\n\t\t\t<a href=\"https:\/\/www.beelexavocats.com\/expertise\/\" target=\"_self\" rel=\"noopener\">\n\t\t\t\t\t\t\tExplorez nos services\n\t\t\t\t\t<\/a>\n<h2>\n\t\tBienvenue chez Beelex, votre partenaire juridique \u00e0 360\u00b0 au Luxembourg\n\t<\/h2>\n\t<p>Beelex propose une approche globale du <strong>droit luxembourgeois<\/strong> pour les entrepreneurs, les PME, les initiatives innovantes ainsi que les projets personnels ou familiaux. Forts d&rsquo;une <strong>expertise solide<\/strong> et d&rsquo;une <strong>compr\u00e9hension pr\u00e9cise des besoins<\/strong> pratiques de nos clients, nous offrons des <strong>solutions juridiques<\/strong> de premier ordre pour garantir le <strong>succ\u00e8s de vos projets<\/strong>.<\/p>\n\t\t<h2>\n\t\t\tNos domaines d&rsquo;expertise juridique\n\t\t<\/h2>\n\t\t\t<p>Nous couvrons une large gamme de domaines juridiques pour r\u00e9pondre \u00e0 vos besoins sp\u00e9cifiques :<\/p>\t\t\n\t\t<ul>\n\t\t\t\t\t<li>\n\t\t\t\t\n\t\t<p>Assurances et responsabilit\u00e9s<\/p>\t\t\t\n\t\t\t<\/li>\n\t\t\t\t\t<li>\n\t\t\t\t\n\t\t<p>Droit commercial et droit des socie\u0301te\u0301s<\/p>\t\t\t\n\t\t\t<\/li>\n\t\t\t\t\t<li>\n\t\t\t\t\n\t\t<p>Droit du travail<\/p>\t\t\t\n\t\t\t<\/li>\n\t\t\t\t\t<li>\n\t\t\t\t\t\t\t\t\t\t\t<img decoding=\"async\" src=\"https:\/\/www.beelexavocats.ovh\/wp-content\/uploads\/2024\/07\/auction.png\" alt=\"auction\" role=\"presentation\" \/>\n\t\t\t\t\n\t\t<p>Contentieux, arbitrage et me\u0301diation<\/p>\t\t\t\n\t\t\t<\/li>\n\t\t\t\t\t<li>\n\t\t\t\t\t\t\t\t\t\t\t<img decoding=\"async\" src=\"https:\/\/www.beelexavocats.com\/wp-content\/uploads\/2024\/09\/002-gdpr-1.png\" alt=\"002-gdpr-1\" role=\"presentation\" \/>\n\t\t\t\t\n\t\t<p>Mise en conformit\u00e9 RGPD<\/p>\t\t\t\n\t\t\t<\/li>\n\t\t\t\t<\/ul>\n\t\t<ul>\n\t\t\t\t\t<li>\n\t\t\t\t\n\t\t<p>Droit immobilier<\/p>\t\t\t\n\t\t\t<\/li>\n\t\t\t\t\t<li>\n\t\t\t\t\t\t\t\t\t\t\t<img decoding=\"async\" src=\"https:\/\/www.beelexavocats.ovh\/wp-content\/uploads\/2024\/07\/analytics.png\" alt=\"analytics\" role=\"presentation\" \/>\n\t\t\t\t\n\t\t<p>Accompagnement des entreprises en difficulte\u0301<\/p>\t\t\t\n\t\t\t<\/li>\n\t\t\t\t\t<li>\n\t\t\t\t\t\t\t\t\t\t\t<img decoding=\"async\" src=\"https:\/\/www.beelexavocats.ovh\/wp-content\/uploads\/2024\/07\/family.png\" alt=\"family\" role=\"presentation\" \/>\n\t\t\t\t\n\t\t<p>Droit civil<\/p>\t\t\t\n\t\t\t<\/li>\n\t\t\t\t\t<li>\n\t\t\t\t\t\t\t\t\t\t\t<img decoding=\"async\" src=\"https:\/\/www.beelexavocats.com\/wp-content\/uploads\/2024\/09\/donation.png\" alt=\"donation\" role=\"presentation\" \/>\n\t\t\t\t\n\t\t<p>Recouvrement de cr\u00e9ances<\/p>\t\t\t\n\t\t\t<\/li>\n\t\t\t\t\t<li>\n\t\t\t\t\n\t\t\t<\/li>\n\t\t\t\t<\/ul>\n\t\t<h2>\n\t\t\tLes valeurs au c\u0153ur de notre pratique\n\t\t<\/h2>\n\t\t\t<p>D\u00e9couvrez ce qui fait l&rsquo;essence de notre cabinet<\/p>\t\t\n\t\t\t<a href=\"https:\/\/www.beelexavocats.com\/partenaire-juridique\/\" target=\"_self\" rel=\"noopener\">\n\t\t\t\t\t\t\t<img decoding=\"async\" src=\"https:\/\/www.beelexavocats.com\/wp-content\/uploads\/2024\/07\/001-handshake-1.png\" alt=\"Icone r\u00e9seau\" \/>\n\t\t<h3>Partenariat<\/h3>\n\t\t<\/a>\n\t\t\t<a href=\"https:\/\/www.beelexavocats.com\/partenaire-juridique\/\" target=\"_self\" rel=\"noopener\">\n\t\t\t\t\t\t\t<img decoding=\"async\" src=\"https:\/\/www.beelexavocats.com\/wp-content\/uploads\/2024\/07\/002-solution-1.png\" alt=\"Icone Solution\" \/>\n\t\t<h3>Solution<\/h3>\n\t\t<\/a>\n\t\t\t<a href=\"https:\/\/www.beelexavocats.com\/partenaire-juridique\/\" target=\"_self\" rel=\"noopener\">\n\t\t\t\t\t\t\t<img decoding=\"async\" src=\"https:\/\/www.beelexavocats.com\/wp-content\/uploads\/2024\/07\/003-availability-1.png\" alt=\"Icone disponibilit\u00e9\" \/>\n\t\t<h3>Disponibilit\u00e9<\/h3>\n\t\t<\/a>\n\t\t<h2>\n\t\t\tPourquoi choisir Beelex ? \n\t\t<\/h2>\n\t\t<h3>\n\t\t\tExpertise hors pair\n\t\t<\/h3>\n\t\t\t<p>Notre cabinet poss\u00e8de une connaissance approfondie et une vaste exp\u00e9rience dans divers domaines du droit, garantissant la protection et l&rsquo;optimisation de vos int\u00e9r\u00eats.<\/p>\t\t\n\t\t<h3>\n\t\t\tApproche personnalis\u00e9e\n\t\t<\/h3>\n\t\t\t<p>Chaque client est unique. Nous offrons des solutions juridiques adapt\u00e9es \u00e0 vos besoins sp\u00e9cifiques pour des r\u00e9sultats optimaux.<\/p>\t\t\n\t\t\t<a href=\"https:\/\/www.beelexavocats.com\/contact\/\" target=\"_self\" rel=\"noopener\">\n\t\t\t\t\t\t\tContactez-nous d\u00e8s aujourd&rsquo;hui pour une consultation sur mesure\n\t\t\t\t\t<\/a>\n\n","protected":false},"excerpt":{"rendered":"<p>Beelex &#8211; L&rsquo;innovation au service de l&rsquo;expertise juridique Des solutions juridiques personnalis\u00e9es pour votre succ\u00e8s Explorez nos services Bienvenue chez Beelex, votre partenaire juridique \u00e0 360\u00b0 au Luxembourg Beelex propose une approche globale du droit luxembourgeois pour les entrepreneurs, les PME, les initiatives innovantes ainsi que les projets personnels ou familiaux. Forts d&rsquo;une expertise solide&hellip;<\/p>\n","protected":false},"author":2,"featured_media":0,"parent":0,"menu_order":0,"comment_status":"closed","ping_status":"closed","template":"","meta":{"footnotes":""},"class_list":["post-12","page","type-page","status-publish","hentry"],"yoast_head":"<!-- This site is optimized with the Yoast SEO plugin v25.3 - https:\/\/yoast.com\/wordpress\/plugins\/seo\/ -->\n<title>Beelex - L&#039;innovation au service de l&#039;expertise juridique<\/title>\n<meta name=\"description\" content=\"D\u00e9couvrez Beelex, votre cabinet d&#039;avocats \u00e0 Luxembourg, offrant une approche \u00e0 360\u00b0 du droit pour les entrepreneurs, les PME et les projets innovants. Expertise, partenariat et disponibilit\u00e9 au service de votre r\u00e9ussite. Contactez-nous pour des solutions juridiques personnalis\u00e9es.\" \/>\n<meta name=\"robots\" content=\"index, follow, max-snippet:-1, max-image-preview:large, max-video-preview:-1\" \/>\n<link rel=\"canonical\" href=\"https:\/\/www.beelexavocats.com\/fr\/accueil\/\" \/>\n<meta property=\"og:locale\" content=\"fr_FR\" \/>\n<meta property=\"og:type\" content=\"article\" \/>\n<meta property=\"og:title\" content=\"Beelex - L&#039;innovation au service de l&#039;expertise juridique\" \/>\n<meta property=\"og:description\" content=\"D\u00e9couvrez Beelex, votre cabinet d&#039;avocats \u00e0 Luxembourg, offrant une approche \u00e0 360\u00b0 du droit pour les entrepreneurs, les PME et les projets innovants. Expertise, partenariat et disponibilit\u00e9 au service de votre r\u00e9ussite. Contactez-nous pour des solutions juridiques personnalis\u00e9es.\" \/>\n<meta property=\"og:url\" content=\"https:\/\/www.beelexavocats.com\/fr\/accueil\/\" \/>\n<meta property=\"og:site_name\" content=\"Beelex\" \/>\n<meta property=\"article:modified_time\" content=\"2024-10-10T07:37:05+00:00\" \/>\n<meta property=\"og:image\" content=\"https:\/\/www.beelexavocats.ovh\/wp-content\/uploads\/2024\/07\/auction.png\" \/>\n<meta name=\"twitter:card\" content=\"summary_large_image\" \/>\n<meta name=\"twitter:label1\" content=\"Dur\u00e9e de lecture estim\u00e9e\" \/>\n\t<meta name=\"twitter:data1\" content=\"3 minutes\" \/>\n<script type=\"application\/ld+json\" class=\"yoast-schema-graph\">{\"@context\":\"https:\/\/schema.org\",\"@graph\":[{\"@type\":\"WebPage\",\"@id\":\"https:\/\/www.beelexavocats.com\/fr\/accueil\/\",\"url\":\"https:\/\/www.beelexavocats.com\/fr\/accueil\/\",\"name\":\"Beelex - L'innovation au service de l'expertise juridique\",\"isPartOf\":{\"@id\":\"https:\/\/www.beelexavocats.com\/#website\"},\"primaryImageOfPage\":{\"@id\":\"https:\/\/www.beelexavocats.com\/fr\/accueil\/#primaryimage\"},\"image\":{\"@id\":\"https:\/\/www.beelexavocats.com\/fr\/accueil\/#primaryimage\"},\"thumbnailUrl\":\"https:\/\/www.beelexavocats.ovh\/wp-content\/uploads\/2024\/07\/auction.png\",\"datePublished\":\"2020-07-21T17:03:18+00:00\",\"dateModified\":\"2024-10-10T07:37:05+00:00\",\"description\":\"D\u00e9couvrez Beelex, votre cabinet d'avocats \u00e0 Luxembourg, offrant une approche \u00e0 360\u00b0 du droit pour les entrepreneurs, les PME et les projets innovants. Expertise, partenariat et disponibilit\u00e9 au service de votre r\u00e9ussite. Contactez-nous pour des solutions juridiques personnalis\u00e9es.\",\"breadcrumb\":{\"@id\":\"https:\/\/www.beelexavocats.com\/fr\/accueil\/#breadcrumb\"},\"inLanguage\":\"fr-FR\",\"potentialAction\":[{\"@type\":\"ReadAction\",\"target\":[\"https:\/\/www.beelexavocats.com\/fr\/accueil\/\"]}]},{\"@type\":\"ImageObject\",\"inLanguage\":\"fr-FR\",\"@id\":\"https:\/\/www.beelexavocats.com\/fr\/accueil\/#primaryimage\",\"url\":\"https:\/\/www.beelexavocats.ovh\/wp-content\/uploads\/2024\/07\/auction.png\",\"contentUrl\":\"https:\/\/www.beelexavocats.ovh\/wp-content\/uploads\/2024\/07\/auction.png\"},{\"@type\":\"BreadcrumbList\",\"@id\":\"https:\/\/www.beelexavocats.com\/fr\/accueil\/#breadcrumb\",\"itemListElement\":[{\"@type\":\"ListItem\",\"position\":1,\"name\":\"Accueil\",\"item\":\"https:\/\/www.beelexavocats.com\/fr\/accueil\/\"},{\"@type\":\"ListItem\",\"position\":2,\"name\":\"Accueil\"}]},{\"@type\":\"WebSite\",\"@id\":\"https:\/\/www.beelexavocats.com\/#website\",\"url\":\"https:\/\/www.beelexavocats.com\/\",\"name\":\"Beelex Avocats\",\"description\":\"Partenaire juridique \u00e0 360\u00b0 au Luxembourg\",\"publisher\":{\"@id\":\"https:\/\/www.beelexavocats.com\/#organization\"},\"potentialAction\":[{\"@type\":\"SearchAction\",\"target\":{\"@type\":\"EntryPoint\",\"urlTemplate\":\"https:\/\/www.beelexavocats.com\/?s={search_term_string}\"},\"query-input\":{\"@type\":\"PropertyValueSpecification\",\"valueRequired\":true,\"valueName\":\"search_term_string\"}}],\"inLanguage\":\"fr-FR\"},{\"@type\":\"Organization\",\"@id\":\"https:\/\/www.beelexavocats.com\/#organization\",\"name\":\"Beelex Avocats\",\"url\":\"https:\/\/www.beelexavocats.com\/\",\"logo\":{\"@type\":\"ImageObject\",\"inLanguage\":\"fr-FR\",\"@id\":\"https:\/\/www.beelexavocats.com\/#\/schema\/logo\/image\/\",\"url\":\"https:\/\/www.beelexavocats.com\/wp-content\/uploads\/2024\/07\/Beelex-logo-blanc.png\",\"contentUrl\":\"https:\/\/www.beelexavocats.com\/wp-content\/uploads\/2024\/07\/Beelex-logo-blanc.png\",\"width\":1890,\"height\":1890,\"caption\":\"Beelex Avocats\"},\"image\":{\"@id\":\"https:\/\/www.beelexavocats.com\/#\/schema\/logo\/image\/\"}}]}<\/script>\n<!-- \/ Yoast SEO plugin. -->","yoast_head_json":{"title":"Beelex - L'innovation au service de l'expertise juridique","description":"D\u00e9couvrez Beelex, votre cabinet d'avocats \u00e0 Luxembourg, offrant une approche \u00e0 360\u00b0 du droit pour les entrepreneurs, les PME et les projets innovants. Expertise, partenariat et disponibilit\u00e9 au service de votre r\u00e9ussite. Contactez-nous pour des solutions juridiques personnalis\u00e9es.","robots":{"index":"index","follow":"follow","max-snippet":"max-snippet:-1","max-image-preview":"max-image-preview:large","max-video-preview":"max-video-preview:-1"},"canonical":"https:\/\/www.beelexavocats.com\/fr\/accueil\/","og_locale":"fr_FR","og_type":"article","og_title":"Beelex - L'innovation au service de l'expertise juridique","og_description":"D\u00e9couvrez Beelex, votre cabinet d'avocats \u00e0 Luxembourg, offrant une approche \u00e0 360\u00b0 du droit pour les entrepreneurs, les PME et les projets innovants. Expertise, partenariat et disponibilit\u00e9 au service de votre r\u00e9ussite. Contactez-nous pour des solutions juridiques personnalis\u00e9es.","og_url":"https:\/\/www.beelexavocats.com\/fr\/accueil\/","og_site_name":"Beelex","article_modified_time":"2024-10-10T07:37:05+00:00","og_image":[{"url":"https:\/\/www.beelexavocats.ovh\/wp-content\/uploads\/2024\/07\/auction.png","type":"","width":"","height":""}],"twitter_card":"summary_large_image","twitter_misc":{"Dur\u00e9e de lecture estim\u00e9e":"3 minutes"},"schema":{"@context":"https:\/\/schema.org","@graph":[{"@type":"WebPage","@id":"https:\/\/www.beelexavocats.com\/fr\/accueil\/","url":"https:\/\/www.beelexavocats.com\/fr\/accueil\/","name":"Beelex - L'innovation au service de l'expertise juridique","isPartOf":{"@id":"https:\/\/www.beelexavocats.com\/#website"},"primaryImageOfPage":{"@id":"https:\/\/www.beelexavocats.com\/fr\/accueil\/#primaryimage"},"image":{"@id":"https:\/\/www.beelexavocats.com\/fr\/accueil\/#primaryimage"},"thumbnailUrl":"https:\/\/www.beelexavocats.ovh\/wp-content\/uploads\/2024\/07\/auction.png","datePublished":"2020-07-21T17:03:18+00:00","dateModified":"2024-10-10T07:37:05+00:00","description":"D\u00e9couvrez Beelex, votre cabinet d'avocats \u00e0 Luxembourg, offrant une approche \u00e0 360\u00b0 du droit pour les entrepreneurs, les PME et les projets innovants. Expertise, partenariat et disponibilit\u00e9 au service de votre r\u00e9ussite. Contactez-nous pour des solutions juridiques personnalis\u00e9es.","breadcrumb":{"@id":"https:\/\/www.beelexavocats.com\/fr\/accueil\/#breadcrumb"},"inLanguage":"fr-FR","potentialAction":[{"@type":"ReadAction","target":["https:\/\/www.beelexavocats.com\/fr\/accueil\/"]}]},{"@type":"ImageObject","inLanguage":"fr-FR","@id":"https:\/\/www.beelexavocats.com\/fr\/accueil\/#primaryimage","url":"https:\/\/www.beelexavocats.ovh\/wp-content\/uploads\/2024\/07\/auction.png","contentUrl":"https:\/\/www.beelexavocats.ovh\/wp-content\/uploads\/2024\/07\/auction.png"},{"@type":"BreadcrumbList","@id":"https:\/\/www.beelexavocats.com\/fr\/accueil\/#breadcrumb","itemListElement":[{"@type":"ListItem","position":1,"name":"Accueil","item":"https:\/\/www.beelexavocats.com\/fr\/accueil\/"},{"@type":"ListItem","position":2,"name":"Accueil"}]},{"@type":"WebSite","@id":"https:\/\/www.beelexavocats.com\/#website","url":"https:\/\/www.beelexavocats.com\/","name":"Beelex Avocats","description":"Partenaire juridique \u00e0 360\u00b0 au Luxembourg","publisher":{"@id":"https:\/\/www.beelexavocats.com\/#organization"},"potentialAction":[{"@type":"SearchAction","target":{"@type":"EntryPoint","urlTemplate":"https:\/\/www.beelexavocats.com\/?s={search_term_string}"},"query-input":{"@type":"PropertyValueSpecification","valueRequired":true,"valueName":"search_term_string"}}],"inLanguage":"fr-FR"},{"@type":"Organization","@id":"https:\/\/www.beelexavocats.com\/#organization","name":"Beelex Avocats","url":"https:\/\/www.beelexavocats.com\/","logo":{"@type":"ImageObject","inLanguage":"fr-FR","@id":"https:\/\/www.beelexavocats.com\/#\/schema\/logo\/image\/","url":"https:\/\/www.beelexavocats.com\/wp-content\/uploads\/2024\/07\/Beelex-logo-blanc.png","contentUrl":"https:\/\/www.beelexavocats.com\/wp-content\/uploads\/2024\/07\/Beelex-logo-blanc.png","width":1890,"height":1890,"caption":"Beelex Avocats"},"image":{"@id":"https:\/\/www.beelexavocats.com\/#\/schema\/logo\/image\/"}}]}},"_links":{"self":[{"href":"https:\/\/www.beelexavocats.com\/fr\/wp-json\/wp\/v2\/pages\/12","targetHints":{"allow":["GET"]}}],"collection":[{"href":"https:\/\/www.beelexavocats.com\/fr\/wp-json\/wp\/v2\/pages"}],"about":[{"href":"https:\/\/www.beelexavocats.com\/fr\/wp-json\/wp\/v2\/types\/page"}],"author":[{"embeddable":true,"href":"https:\/\/www.beelexavocats.com\/fr\/wp-json\/wp\/v2\/users\/2"}],"replies":[{"embeddable":true,"href":"https:\/\/www.beelexavocats.com\/fr\/wp-json\/wp\/v2\/comments?post=12"}],"version-history":[{"count":43,"href":"https:\/\/www.beelexavocats.com\/fr\/wp-json\/wp\/v2\/pages\/12\/revisions"}],"predecessor-version":[{"id":858,"href":"https:\/\/www.beelexavocats.com\/fr\/wp-json\/wp\/v2\/pages\/12\/revisions\/858"}],"wp:attachment":[{"href":"https:\/\/www.beelexavocats.com\/fr\/wp-json\/wp\/v2\/media?parent=12"}],"curies":[{"name":"wp","href":"https:\/\/api.w.org\/{rel}","templated":true}]}}