{"id":757,"date":"2024-08-23T13:52:58","date_gmt":"2024-08-23T11:52:58","guid":{"rendered":"https:\/\/www.beelexavocats.com\/?page_id=757"},"modified":"2024-10-10T09:33:15","modified_gmt":"2024-10-10T07:33:15","slug":"expertise","status":"publish","type":"page","link":"https:\/\/www.beelexavocats.com\/fr\/expertise\/","title":{"rendered":"Notre expertise"},"content":{"rendered":"\n\n<h1>\n\t\tNotre expertise d&rsquo;avocats au service de votre r\u00e9ussite\n\t<\/h1>\n\t<p>Un accompagnement juridique \u00e0 360\u00b0 pour vos projets<\/p>\n\t\t\t<a href=\"https:\/\/www.beelexavocats.com\/contact\" target=\"_self\" rel=\"noopener\">\n\t\t\t\t\t\t\tParlons de votre projet\n\t\t\t\t\t<\/a>\n\t<p>Beelex propose une gamme compl\u00e8te de <strong>services juridiques<\/strong> pour r\u00e9pondre aux <strong>besoins vari\u00e9s<\/strong> de nos clients. D\u00e9couvrez nos expertises et notre parcours client pour un <strong>accompagnement efficace et personnalis\u00e9<\/strong>.<\/p>\n\t\t<h2>\n\t\t\tNos domaines d&rsquo;expertise juridique\n\t\t<\/h2>\n\t\t\t<p>Quel que soit votre besoin, notre \u00e9quipe pluridisciplinaire est l\u00e0 pour vous \u00e9pauler avec passion et professionnalisme.<\/p>\t\t\n\t\t<ul>\n\t\t\t\t\t<li>\n\t\t\t\t<h3>Assurances et responsabilit\u00e9s<\/h3>\n\t\t<p>Protection de vos int\u00e9r\u00eats avec notre expertise en assurances et responsabilit\u00e9s.<\/p>\t\t\t\n\t\t\t<\/li>\n\t\t\t\t\t<li>\n\t\t\t\t<h3>Droit commercial et droit des socie\u0301te\u0301s<\/h3>\n\t\t<p>Solutions juridiques pour toutes vos op\u00e9rations commerciales et d&rsquo;entreprise.<\/p>\t\t\t\n\t\t\t<\/li>\n\t\t\t\t\t<li>\n\t\t\t\t<h3>Droit du travail<\/h3>\n\t\t<p>Conseils et assistance en droit du travail pour employeurs et salari\u00e9s.<\/p>\t\t\t\n\t\t\t<\/li>\n\t\t\t\t\t<li>\n\t\t\t\t\t\t\t\t\t\t\t<img decoding=\"async\" src=\"https:\/\/www.beelexavocats.ovh\/wp-content\/uploads\/2024\/07\/auction.png\" alt=\"auction\" role=\"presentation\" \/>\n\t\t\t\t<h3>Contentieux, arbitrage et me\u0301diation<\/h3>\n\t\t<p>R\u00e9solution efficace des conflits par des moyens alternatifs.<\/p>\t\t\t\n\t\t\t<\/li>\n\t\t\t\t\t<li>\n\t\t\t\t\t\t\t\t\t\t\t<img decoding=\"async\" src=\"https:\/\/www.beelexavocats.com\/wp-content\/uploads\/2024\/09\/donation.png\" alt=\"donation\" role=\"presentation\" \/>\n\t\t\t\t<h3>Recouvrement de cr\u00e9ances<\/h3>\n\t\t<p>Solutions rapides et proactives pour le recouvrement de cr\u00e9ances impay\u00e9es.<\/p>\t\t\t\n\t\t\t<\/li>\n\t\t\t\t<\/ul>\n\t\t<ul>\n\t\t\t\t\t<li>\n\t\t\t\t<h3>Droit immobilier<\/h3>\n\t\t<p>Accompagnement juridique dans vos transactions immobili\u00e8res.<\/p>\t\t\t\n\t\t\t<\/li>\n\t\t\t\t\t<li>\n\t\t\t\t\t\t\t\t\t\t\t<img decoding=\"async\" src=\"https:\/\/www.beelexavocats.ovh\/wp-content\/uploads\/2024\/07\/analytics.png\" alt=\"analytics\" role=\"presentation\" \/>\n\t\t\t\t<h3>Accompagnement des entreprises en difficulte\u0301<\/h3>\n\t\t<p>Assistance juridique en temps de crise.<\/p>\t\t\t\n\t\t\t<\/li>\n\t\t\t\t\t<li>\n\t\t\t\t\t\t\t\t\t\t\t<img decoding=\"async\" src=\"https:\/\/www.beelexavocats.ovh\/wp-content\/uploads\/2024\/07\/family.png\" alt=\"family\" role=\"presentation\" \/>\n\t\t\t\t<h3>Droit civil<\/h3>\n\t\t<p>Assistance dans toutes vos affaires de droit civil.<\/p>\t\t\t\n\t\t\t<\/li>\n\t\t\t\t\t<li>\n\t\t\t\t\t\t\t\t\t\t\t<img decoding=\"async\" src=\"https:\/\/www.beelexavocats.com\/wp-content\/uploads\/2024\/09\/002-gdpr-1.png\" alt=\"002-gdpr-1\" role=\"presentation\" \/>\n\t\t\t\t<h3>Mise en conformit\u00e9 RGPD<\/h3>\n\t\t<p>Accompagnement pour aligner votre entreprise aux normes europ\u00e9ennes de protection des donn\u00e9es.<\/p>\t\t\t\n\t\t\t<\/li>\n\t\t\t\t\t<li>\n\t\t\t\t\n\t\t\t<\/li>\n\t\t\t\t<\/ul>\n\t\t<h2>\n\t\t\tNotre parcours client sur mesure\n\t\t<\/h2>\n\t\t\t<p>Nous mettons en place une approche personnalis\u00e9e pour r\u00e9pondre parfaitement \u00e0 vos attentes :<\/p>\t\t\n\t\t<ul>\n\t\t\t\t\t<li>\n\t\t\t\t\t\t\t\t\t\t\t<img decoding=\"async\" src=\"https:\/\/www.beelexavocats.com\/wp-content\/uploads\/2024\/08\/002-1.png\" alt=\"002-1\" role=\"presentation\" \/>\n\t\t\t\t<h3>Consultation initiale<\/h3>\n\t\t<p>Premier rendez-vous pour d\u00e9finir vos besoins et vos attentes.<\/p>\t\t\t\n\t\t\t<\/li>\n\t\t\t\t\t<li>\n\t\t\t\t\t\t\t\t\t\t\t<img decoding=\"async\" src=\"https:\/\/www.beelexavocats.com\/wp-content\/uploads\/2024\/08\/003-2.png\" alt=\"003-2\" role=\"presentation\" \/>\n\t\t\t\t<h3>\u00c9laboration de strat\u00e9gie<\/h3>\n\t\t<p>Proposition d&rsquo;une strat\u00e9gie adapt\u00e9e \u00e0 vos objectifs.<\/p>\t\t\t\n\t\t\t<\/li>\n\t\t\t\t\t<li>\n\t\t\t\t\t\t\t\t\t\t\t<img decoding=\"async\" src=\"https:\/\/www.beelexavocats.com\/wp-content\/uploads\/2024\/08\/001-3.png\" alt=\"001-3\" role=\"presentation\" \/>\n\t\t\t\t<h3>Mise en action<\/h3>\n\t\t<p>D\u00e9veloppement et ex\u00e9cution d&rsquo;un plan d&rsquo;action d\u00e9taill\u00e9.<\/p>\t\t\t\n\t\t\t<\/li>\n\t\t\t\t\t<li>\n\t\t\t\t\t\t\t\t\t\t\t<img decoding=\"async\" src=\"https:\/\/www.beelexavocats.com\/wp-content\/uploads\/2024\/08\/004-4.png\" alt=\"004-4\" role=\"presentation\" \/>\n\t\t\t\t<h3>Suivi continu<\/h3>\n\t\t<p>Assistance juridique continue et proactive.<\/p>\t\t\t\n\t\t\t<\/li>\n\t\t\t\t<\/ul>\n\t\t\t<a href=\"https:\/\/www.beelexavocats.com\/contact\" target=\"_self\" rel=\"noopener\">\n\t\t\t\t\t\t\tPrenez rendez-vous d\u00e8s maintenant\n\t\t\t\t\t<\/a>\n\n","protected":false},"excerpt":{"rendered":"<p>Notre expertise d&rsquo;avocats au service de votre r\u00e9ussite Un accompagnement juridique \u00e0 360\u00b0 pour vos projets Parlons de votre projet Beelex propose une gamme compl\u00e8te de services juridiques pour r\u00e9pondre aux besoins vari\u00e9s de nos clients. D\u00e9couvrez nos expertises et notre parcours client pour un accompagnement efficace et personnalis\u00e9. Nos domaines d&rsquo;expertise juridique Quel que&hellip;<\/p>\n","protected":false},"author":2,"featured_media":0,"parent":0,"menu_order":0,"comment_status":"closed","ping_status":"closed","template":"","meta":{"footnotes":""},"class_list":["post-757","page","type-page","status-publish","hentry"],"yoast_head":"<!-- This site is optimized with the Yoast SEO plugin v25.3 - https:\/\/yoast.com\/wordpress\/plugins\/seo\/ -->\n<title>Beelex - Notre expertise d\u2019avocats au service de votre r\u00e9ussite<\/title>\n<meta name=\"description\" content=\"D\u00e9couvrez les services juridiques de Beelex, couvrant assurances, droit commercial, droit du travail, contentieux, droit immobilier, et plus. Notre approche personnalis\u00e9e garantit un accompagnement juridique complet et efficace. Prenez rendez-vous avec nos avocats pour discuter de votre projet.\" \/>\n<meta name=\"robots\" content=\"index, follow, max-snippet:-1, max-image-preview:large, max-video-preview:-1\" \/>\n<link rel=\"canonical\" href=\"https:\/\/www.beelexavocats.com\/fr\/expertise\/\" \/>\n<meta property=\"og:locale\" content=\"fr_FR\" \/>\n<meta property=\"og:type\" content=\"article\" \/>\n<meta property=\"og:title\" content=\"Beelex - Notre expertise d\u2019avocats au service de votre r\u00e9ussite\" \/>\n<meta property=\"og:description\" content=\"D\u00e9couvrez les services juridiques de Beelex, couvrant assurances, droit commercial, droit du travail, contentieux, droit immobilier, et plus. Notre approche personnalis\u00e9e garantit un accompagnement juridique complet et efficace. Prenez rendez-vous avec nos avocats pour discuter de votre projet.\" \/>\n<meta property=\"og:url\" content=\"https:\/\/www.beelexavocats.com\/fr\/expertise\/\" \/>\n<meta property=\"og:site_name\" content=\"Beelex\" \/>\n<meta property=\"article:modified_time\" content=\"2024-10-10T07:33:15+00:00\" \/>\n<meta property=\"og:image\" content=\"https:\/\/www.beelexavocats.ovh\/wp-content\/uploads\/2024\/07\/auction.png\" \/>\n<meta name=\"twitter:card\" content=\"summary_large_image\" \/>\n<meta name=\"twitter:label1\" content=\"Dur\u00e9e de lecture estim\u00e9e\" \/>\n\t<meta name=\"twitter:data1\" content=\"4 minutes\" \/>\n<script type=\"application\/ld+json\" class=\"yoast-schema-graph\">{\"@context\":\"https:\/\/schema.org\",\"@graph\":[{\"@type\":\"WebPage\",\"@id\":\"https:\/\/www.beelexavocats.com\/fr\/expertise\/\",\"url\":\"https:\/\/www.beelexavocats.com\/fr\/expertise\/\",\"name\":\"Beelex - Notre expertise d\u2019avocats au service de votre r\u00e9ussite\",\"isPartOf\":{\"@id\":\"https:\/\/www.beelexavocats.com\/#website\"},\"primaryImageOfPage\":{\"@id\":\"https:\/\/www.beelexavocats.com\/fr\/expertise\/#primaryimage\"},\"image\":{\"@id\":\"https:\/\/www.beelexavocats.com\/fr\/expertise\/#primaryimage\"},\"thumbnailUrl\":\"https:\/\/www.beelexavocats.ovh\/wp-content\/uploads\/2024\/07\/auction.png\",\"datePublished\":\"2024-08-23T11:52:58+00:00\",\"dateModified\":\"2024-10-10T07:33:15+00:00\",\"description\":\"D\u00e9couvrez les services juridiques de Beelex, couvrant assurances, droit commercial, droit du travail, contentieux, droit immobilier, et plus. Notre approche personnalis\u00e9e garantit un accompagnement juridique complet et efficace. Prenez rendez-vous avec nos avocats pour discuter de votre projet.\",\"breadcrumb\":{\"@id\":\"https:\/\/www.beelexavocats.com\/fr\/expertise\/#breadcrumb\"},\"inLanguage\":\"fr-FR\",\"potentialAction\":[{\"@type\":\"ReadAction\",\"target\":[\"https:\/\/www.beelexavocats.com\/fr\/expertise\/\"]}]},{\"@type\":\"ImageObject\",\"inLanguage\":\"fr-FR\",\"@id\":\"https:\/\/www.beelexavocats.com\/fr\/expertise\/#primaryimage\",\"url\":\"https:\/\/www.beelexavocats.ovh\/wp-content\/uploads\/2024\/07\/auction.png\",\"contentUrl\":\"https:\/\/www.beelexavocats.ovh\/wp-content\/uploads\/2024\/07\/auction.png\"},{\"@type\":\"BreadcrumbList\",\"@id\":\"https:\/\/www.beelexavocats.com\/fr\/expertise\/#breadcrumb\",\"itemListElement\":[{\"@type\":\"ListItem\",\"position\":1,\"name\":\"Accueil\",\"item\":\"https:\/\/www.beelexavocats.com\/fr\/accueil\/\"},{\"@type\":\"ListItem\",\"position\":2,\"name\":\"Notre expertise\"}]},{\"@type\":\"WebSite\",\"@id\":\"https:\/\/www.beelexavocats.com\/#website\",\"url\":\"https:\/\/www.beelexavocats.com\/\",\"name\":\"Beelex Avocats\",\"description\":\"Partenaire juridique \u00e0 360\u00b0 au Luxembourg\",\"publisher\":{\"@id\":\"https:\/\/www.beelexavocats.com\/#organization\"},\"potentialAction\":[{\"@type\":\"SearchAction\",\"target\":{\"@type\":\"EntryPoint\",\"urlTemplate\":\"https:\/\/www.beelexavocats.com\/?s={search_term_string}\"},\"query-input\":{\"@type\":\"PropertyValueSpecification\",\"valueRequired\":true,\"valueName\":\"search_term_string\"}}],\"inLanguage\":\"fr-FR\"},{\"@type\":\"Organization\",\"@id\":\"https:\/\/www.beelexavocats.com\/#organization\",\"name\":\"Beelex Avocats\",\"url\":\"https:\/\/www.beelexavocats.com\/\",\"logo\":{\"@type\":\"ImageObject\",\"inLanguage\":\"fr-FR\",\"@id\":\"https:\/\/www.beelexavocats.com\/#\/schema\/logo\/image\/\",\"url\":\"https:\/\/www.beelexavocats.com\/wp-content\/uploads\/2024\/07\/Beelex-logo-blanc.png\",\"contentUrl\":\"https:\/\/www.beelexavocats.com\/wp-content\/uploads\/2024\/07\/Beelex-logo-blanc.png\",\"width\":1890,\"height\":1890,\"caption\":\"Beelex Avocats\"},\"image\":{\"@id\":\"https:\/\/www.beelexavocats.com\/#\/schema\/logo\/image\/\"}}]}<\/script>\n<!-- \/ Yoast SEO plugin. -->","yoast_head_json":{"title":"Beelex - Notre expertise d\u2019avocats au service de votre r\u00e9ussite","description":"D\u00e9couvrez les services juridiques de Beelex, couvrant assurances, droit commercial, droit du travail, contentieux, droit immobilier, et plus. Notre approche personnalis\u00e9e garantit un accompagnement juridique complet et efficace. Prenez rendez-vous avec nos avocats pour discuter de votre projet.","robots":{"index":"index","follow":"follow","max-snippet":"max-snippet:-1","max-image-preview":"max-image-preview:large","max-video-preview":"max-video-preview:-1"},"canonical":"https:\/\/www.beelexavocats.com\/fr\/expertise\/","og_locale":"fr_FR","og_type":"article","og_title":"Beelex - Notre expertise d\u2019avocats au service de votre r\u00e9ussite","og_description":"D\u00e9couvrez les services juridiques de Beelex, couvrant assurances, droit commercial, droit du travail, contentieux, droit immobilier, et plus. Notre approche personnalis\u00e9e garantit un accompagnement juridique complet et efficace. Prenez rendez-vous avec nos avocats pour discuter de votre projet.","og_url":"https:\/\/www.beelexavocats.com\/fr\/expertise\/","og_site_name":"Beelex","article_modified_time":"2024-10-10T07:33:15+00:00","og_image":[{"url":"https:\/\/www.beelexavocats.ovh\/wp-content\/uploads\/2024\/07\/auction.png","type":"","width":"","height":""}],"twitter_card":"summary_large_image","twitter_misc":{"Dur\u00e9e de lecture estim\u00e9e":"4 minutes"},"schema":{"@context":"https:\/\/schema.org","@graph":[{"@type":"WebPage","@id":"https:\/\/www.beelexavocats.com\/fr\/expertise\/","url":"https:\/\/www.beelexavocats.com\/fr\/expertise\/","name":"Beelex - Notre expertise d\u2019avocats au service de votre r\u00e9ussite","isPartOf":{"@id":"https:\/\/www.beelexavocats.com\/#website"},"primaryImageOfPage":{"@id":"https:\/\/www.beelexavocats.com\/fr\/expertise\/#primaryimage"},"image":{"@id":"https:\/\/www.beelexavocats.com\/fr\/expertise\/#primaryimage"},"thumbnailUrl":"https:\/\/www.beelexavocats.ovh\/wp-content\/uploads\/2024\/07\/auction.png","datePublished":"2024-08-23T11:52:58+00:00","dateModified":"2024-10-10T07:33:15+00:00","description":"D\u00e9couvrez les services juridiques de Beelex, couvrant assurances, droit commercial, droit du travail, contentieux, droit immobilier, et plus. Notre approche personnalis\u00e9e garantit un accompagnement juridique complet et efficace. Prenez rendez-vous avec nos avocats pour discuter de votre projet.","breadcrumb":{"@id":"https:\/\/www.beelexavocats.com\/fr\/expertise\/#breadcrumb"},"inLanguage":"fr-FR","potentialAction":[{"@type":"ReadAction","target":["https:\/\/www.beelexavocats.com\/fr\/expertise\/"]}]},{"@type":"ImageObject","inLanguage":"fr-FR","@id":"https:\/\/www.beelexavocats.com\/fr\/expertise\/#primaryimage","url":"https:\/\/www.beelexavocats.ovh\/wp-content\/uploads\/2024\/07\/auction.png","contentUrl":"https:\/\/www.beelexavocats.ovh\/wp-content\/uploads\/2024\/07\/auction.png"},{"@type":"BreadcrumbList","@id":"https:\/\/www.beelexavocats.com\/fr\/expertise\/#breadcrumb","itemListElement":[{"@type":"ListItem","position":1,"name":"Accueil","item":"https:\/\/www.beelexavocats.com\/fr\/accueil\/"},{"@type":"ListItem","position":2,"name":"Notre expertise"}]},{"@type":"WebSite","@id":"https:\/\/www.beelexavocats.com\/#website","url":"https:\/\/www.beelexavocats.com\/","name":"Beelex Avocats","description":"Partenaire juridique \u00e0 360\u00b0 au Luxembourg","publisher":{"@id":"https:\/\/www.beelexavocats.com\/#organization"},"potentialAction":[{"@type":"SearchAction","target":{"@type":"EntryPoint","urlTemplate":"https:\/\/www.beelexavocats.com\/?s={search_term_string}"},"query-input":{"@type":"PropertyValueSpecification","valueRequired":true,"valueName":"search_term_string"}}],"inLanguage":"fr-FR"},{"@type":"Organization","@id":"https:\/\/www.beelexavocats.com\/#organization","name":"Beelex Avocats","url":"https:\/\/www.beelexavocats.com\/","logo":{"@type":"ImageObject","inLanguage":"fr-FR","@id":"https:\/\/www.beelexavocats.com\/#\/schema\/logo\/image\/","url":"https:\/\/www.beelexavocats.com\/wp-content\/uploads\/2024\/07\/Beelex-logo-blanc.png","contentUrl":"https:\/\/www.beelexavocats.com\/wp-content\/uploads\/2024\/07\/Beelex-logo-blanc.png","width":1890,"height":1890,"caption":"Beelex Avocats"},"image":{"@id":"https:\/\/www.beelexavocats.com\/#\/schema\/logo\/image\/"}}]}},"_links":{"self":[{"href":"https:\/\/www.beelexavocats.com\/fr\/wp-json\/wp\/v2\/pages\/757","targetHints":{"allow":["GET"]}}],"collection":[{"href":"https:\/\/www.beelexavocats.com\/fr\/wp-json\/wp\/v2\/pages"}],"about":[{"href":"https:\/\/www.beelexavocats.com\/fr\/wp-json\/wp\/v2\/types\/page"}],"author":[{"embeddable":true,"href":"https:\/\/www.beelexavocats.com\/fr\/wp-json\/wp\/v2\/users\/2"}],"replies":[{"embeddable":true,"href":"https:\/\/www.beelexavocats.com\/fr\/wp-json\/wp\/v2\/comments?post=757"}],"version-history":[{"count":23,"href":"https:\/\/www.beelexavocats.com\/fr\/wp-json\/wp\/v2\/pages\/757\/revisions"}],"predecessor-version":[{"id":842,"href":"https:\/\/www.beelexavocats.com\/fr\/wp-json\/wp\/v2\/pages\/757\/revisions\/842"}],"wp:attachment":[{"href":"https:\/\/www.beelexavocats.com\/fr\/wp-json\/wp\/v2\/media?parent=757"}],"curies":[{"name":"wp","href":"https:\/\/api.w.org\/{rel}","templated":true}]}}