{"id":801,"date":"2024-08-27T13:14:20","date_gmt":"2024-08-27T11:14:20","guid":{"rendered":"https:\/\/www.beelexavocats.com\/?page_id=801"},"modified":"2024-10-30T11:01:03","modified_gmt":"2024-10-30T10:01:03","slug":"contact","status":"publish","type":"page","link":"https:\/\/www.beelexavocats.com\/fr\/contact\/","title":{"rendered":"Contact"},"content":{"rendered":"\n\n<h1>\n\t\tConnectez-vous avec les avocats de Beelex\n\t<\/h1>\n\t<p>Parlons de vos projets juridiques<\/p>\n\tPour toute <strong>question<\/strong> ou pour prendre <strong>rendez-vous<\/strong>, n&rsquo;h\u00e9sitez pas \u00e0 nous contacter via le <strong>formulaire ci-dessous<\/strong>.<br \/>\nNous sommes \u00e0 votre \u00e9coute et pr\u00eats \u00e0 vous proposer des <strong>solutions sur mesure<\/strong>.\n\t\t<h2>\n\t\t\tPrenez contact avec notre \u00e9quipe \n\t\t<\/h2>\n\t\t\t<p>Remplissez notre formulaire et l&rsquo;un de nos experts vous contactera sous peu.<\/p>\t\t\n\t\t<ul>\n\t\t\t\t\t<li>\n\t\t\t\t\t\t\t\t\t\t\t<img decoding=\"async\" src=\"https:\/\/www.beelexavocats.com\/wp-content\/uploads\/2024\/08\/001-call.png\" alt=\"Telephone-Beelex\" role=\"presentation\" \/>\n\t\t\t\t\n\t\t<p>+352 49 48 49<\/p>\n\t\t\t<\/li>\n\t\t\t\t\t<li>\n\t\t\t\t\t\t\t\t\t\t\t<img decoding=\"async\" src=\"https:\/\/www.beelexavocats.com\/wp-content\/uploads\/2024\/08\/003-email.png\" alt=\"Email Beelex\" role=\"presentation\" \/>\n\t\t\t\t\n\t\t<p><a href=\"mailto:info@beelexavocats.com\">info@beelexavocats.com<\/a><\/p>\n\t\t\t<\/li>\n\t\t\t\t\t<li>\n\t\t\t\t\t\t\t\t\t\t\t<img decoding=\"async\" src=\"https:\/\/www.beelexavocats.com\/wp-content\/uploads\/2024\/08\/002-location.png\" alt=\"Adresse-Beelex\" role=\"presentation\" \/>\n\t\t\t\t\n\t\t36 avenue de la Gare<br \/>\nL-1610 Luxembourg\n\t\t\t<\/li>\n\t\t\t\t<\/ul>\n\t\n\t\n \n<form action=\"\/fr\/?page_id=801&#038;fl_builder#wpcf7-f635-o1\" method=\"post\" aria-label=\"Formulaire de contact\" novalidate=\"novalidate\" data-status=\"init\">\n<input type=\"hidden\" name=\"_wpcf7\" value=\"635\" \/>\n<input type=\"hidden\" name=\"_wpcf7_version\" value=\"5.9.8\" \/>\n<input type=\"hidden\" name=\"_wpcf7_locale\" value=\"fr_FR\" \/>\n<input type=\"hidden\" name=\"_wpcf7_unit_tag\" value=\"wpcf7-f635-o1\" \/>\n<input type=\"hidden\" name=\"_wpcf7_container_post\" value=\"0\" \/>\n<input type=\"hidden\" name=\"_wpcf7_posted_data_hash\" value=\"\" \/>\n<label> Nom<br \/>\n<input size=\"40\" maxlength=\"400\" autocomplete=\"name\" aria-required=\"true\" aria-invalid=\"false\" value=\"\" type=\"text\" name=\"your-name\" \/> <\/label>\n\n<label> Pr\u00e9nom<br \/>\n<input size=\"40\" maxlength=\"400\" autocomplete=\"surname\" aria-required=\"true\" aria-invalid=\"false\" value=\"\" type=\"text\" name=\"your-surname\" \/> <\/label>\n\n<label> E-mail<br \/>\n<input size=\"40\" maxlength=\"400\" autocomplete=\"email\" aria-required=\"true\" aria-invalid=\"false\" value=\"\" type=\"email\" name=\"your-email\" \/> <\/label>\n\n<label> Votre message<br \/>\n<textarea cols=\"40\" rows=\"10\" maxlength=\"2000\" aria-required=\"true\" aria-invalid=\"false\" name=\"your-message\"><\/textarea> <\/label>\n\n<label><input type=\"checkbox\" name=\"acceptance-1\" value=\"1\" aria-invalid=\"false\" \/>Clause de non-responsabilit\u00e9: en soumettant ce formulaire, j&rsquo;accepte que mes informations soient utilis\u00e9es, exploit\u00e9es et trait\u00e9es exclusivement dans le cadre de ma demande et de la relation commerciale qui peut en d\u00e9couler. Prenez connaissance de notre politique de confidentialit\u00e9 ici.<\/label>\n\n<input type=\"submit\" value=\"Envoyer\" \/>\n\n<\/form>\n\t\t\t<a href=\"\" target=\"_self\" rel=\"noopener\">\n\t\t\t\t\t\t\tRemplir le formulaire\n\t\t\t<\/a>\n\t<iframe src=\"https:\/\/www.google.com\/maps\/embed\/v1\/place?q=36+avenue+de+la+Gare+L-1610+Luxembourg&#038;key=AIzaSyD09zQ9PNDNNy9TadMuzRV_UsPUoWKntt8\" aria-hidden=\"true\" title=\"Beelex Avocats\"><\/iframe>\n\n","protected":false},"excerpt":{"rendered":"<p>Connectez-vous avec les avocats de Beelex Parlons de vos projets juridiques Pour toute question ou pour prendre rendez-vous, n&rsquo;h\u00e9sitez pas \u00e0 nous contacter via le formulaire ci-dessous. Nous sommes \u00e0 votre \u00e9coute et pr\u00eats \u00e0 vous proposer des solutions sur mesure. Prenez contact avec notre \u00e9quipe Remplissez notre formulaire et l&rsquo;un de nos experts vous&hellip;<\/p>\n","protected":false},"author":2,"featured_media":0,"parent":0,"menu_order":0,"comment_status":"closed","ping_status":"closed","template":"","meta":{"footnotes":""},"class_list":["post-801","page","type-page","status-publish","hentry"],"yoast_head":"<!-- This site is optimized with the Yoast SEO plugin v25.3 - https:\/\/yoast.com\/wordpress\/plugins\/seo\/ -->\n<title>Connectez-vous avec les avocats de Beelex<\/title>\n<meta name=\"description\" content=\"Prenez contact avec Beelex, votre cabinet d&#039;avocats \u00e0 Luxembourg. Remplissez notre formulaire de contact ou contactez-nous directement par t\u00e9l\u00e9phone ou email pour discuter de vos besoins juridiques et obtenir des solutions sur mesure.\" \/>\n<meta name=\"robots\" content=\"index, follow, max-snippet:-1, max-image-preview:large, max-video-preview:-1\" \/>\n<link rel=\"canonical\" href=\"https:\/\/www.beelexavocats.com\/fr\/contact\/\" \/>\n<meta property=\"og:locale\" content=\"fr_FR\" \/>\n<meta property=\"og:type\" content=\"article\" \/>\n<meta property=\"og:title\" content=\"Connectez-vous avec les avocats de Beelex\" \/>\n<meta property=\"og:description\" content=\"Prenez contact avec Beelex, votre cabinet d&#039;avocats \u00e0 Luxembourg. Remplissez notre formulaire de contact ou contactez-nous directement par t\u00e9l\u00e9phone ou email pour discuter de vos besoins juridiques et obtenir des solutions sur mesure.\" \/>\n<meta property=\"og:url\" content=\"https:\/\/www.beelexavocats.com\/fr\/contact\/\" \/>\n<meta property=\"og:site_name\" content=\"Beelex\" \/>\n<meta property=\"article:modified_time\" content=\"2024-10-30T10:01:03+00:00\" \/>\n<meta property=\"og:image\" content=\"https:\/\/www.beelexavocats.com\/wp-content\/uploads\/2024\/08\/001-call.png\" \/>\n<meta name=\"twitter:card\" content=\"summary_large_image\" \/>\n<meta name=\"twitter:label1\" content=\"Dur\u00e9e de lecture estim\u00e9e\" \/>\n\t<meta name=\"twitter:data1\" content=\"2 minutes\" \/>\n<script type=\"application\/ld+json\" class=\"yoast-schema-graph\">{\"@context\":\"https:\/\/schema.org\",\"@graph\":[{\"@type\":\"WebPage\",\"@id\":\"https:\/\/www.beelexavocats.com\/fr\/contact\/\",\"url\":\"https:\/\/www.beelexavocats.com\/fr\/contact\/\",\"name\":\"Connectez-vous avec les avocats de Beelex\",\"isPartOf\":{\"@id\":\"https:\/\/www.beelexavocats.com\/#website\"},\"primaryImageOfPage\":{\"@id\":\"https:\/\/www.beelexavocats.com\/fr\/contact\/#primaryimage\"},\"image\":{\"@id\":\"https:\/\/www.beelexavocats.com\/fr\/contact\/#primaryimage\"},\"thumbnailUrl\":\"https:\/\/www.beelexavocats.com\/wp-content\/uploads\/2024\/08\/001-call.png\",\"datePublished\":\"2024-08-27T11:14:20+00:00\",\"dateModified\":\"2024-10-30T10:01:03+00:00\",\"description\":\"Prenez contact avec Beelex, votre cabinet d'avocats \u00e0 Luxembourg. Remplissez notre formulaire de contact ou contactez-nous directement par t\u00e9l\u00e9phone ou email pour discuter de vos besoins juridiques et obtenir des solutions sur mesure.\",\"breadcrumb\":{\"@id\":\"https:\/\/www.beelexavocats.com\/fr\/contact\/#breadcrumb\"},\"inLanguage\":\"fr-FR\",\"potentialAction\":[{\"@type\":\"ReadAction\",\"target\":[\"https:\/\/www.beelexavocats.com\/fr\/contact\/\"]}]},{\"@type\":\"ImageObject\",\"inLanguage\":\"fr-FR\",\"@id\":\"https:\/\/www.beelexavocats.com\/fr\/contact\/#primaryimage\",\"url\":\"https:\/\/www.beelexavocats.com\/wp-content\/uploads\/2024\/08\/001-call.png\",\"contentUrl\":\"https:\/\/www.beelexavocats.com\/wp-content\/uploads\/2024\/08\/001-call.png\"},{\"@type\":\"BreadcrumbList\",\"@id\":\"https:\/\/www.beelexavocats.com\/fr\/contact\/#breadcrumb\",\"itemListElement\":[{\"@type\":\"ListItem\",\"position\":1,\"name\":\"Accueil\",\"item\":\"https:\/\/www.beelexavocats.com\/fr\/accueil\/\"},{\"@type\":\"ListItem\",\"position\":2,\"name\":\"Contact\"}]},{\"@type\":\"WebSite\",\"@id\":\"https:\/\/www.beelexavocats.com\/#website\",\"url\":\"https:\/\/www.beelexavocats.com\/\",\"name\":\"Beelex Avocats\",\"description\":\"Partenaire juridique \u00e0 360\u00b0 au Luxembourg\",\"publisher\":{\"@id\":\"https:\/\/www.beelexavocats.com\/#organization\"},\"potentialAction\":[{\"@type\":\"SearchAction\",\"target\":{\"@type\":\"EntryPoint\",\"urlTemplate\":\"https:\/\/www.beelexavocats.com\/?s={search_term_string}\"},\"query-input\":{\"@type\":\"PropertyValueSpecification\",\"valueRequired\":true,\"valueName\":\"search_term_string\"}}],\"inLanguage\":\"fr-FR\"},{\"@type\":\"Organization\",\"@id\":\"https:\/\/www.beelexavocats.com\/#organization\",\"name\":\"Beelex Avocats\",\"url\":\"https:\/\/www.beelexavocats.com\/\",\"logo\":{\"@type\":\"ImageObject\",\"inLanguage\":\"fr-FR\",\"@id\":\"https:\/\/www.beelexavocats.com\/#\/schema\/logo\/image\/\",\"url\":\"https:\/\/www.beelexavocats.com\/wp-content\/uploads\/2024\/07\/Beelex-logo-blanc.png\",\"contentUrl\":\"https:\/\/www.beelexavocats.com\/wp-content\/uploads\/2024\/07\/Beelex-logo-blanc.png\",\"width\":1890,\"height\":1890,\"caption\":\"Beelex Avocats\"},\"image\":{\"@id\":\"https:\/\/www.beelexavocats.com\/#\/schema\/logo\/image\/\"}}]}<\/script>\n<!-- \/ Yoast SEO plugin. -->","yoast_head_json":{"title":"Connectez-vous avec les avocats de Beelex","description":"Prenez contact avec Beelex, votre cabinet d'avocats \u00e0 Luxembourg. Remplissez notre formulaire de contact ou contactez-nous directement par t\u00e9l\u00e9phone ou email pour discuter de vos besoins juridiques et obtenir des solutions sur mesure.","robots":{"index":"index","follow":"follow","max-snippet":"max-snippet:-1","max-image-preview":"max-image-preview:large","max-video-preview":"max-video-preview:-1"},"canonical":"https:\/\/www.beelexavocats.com\/fr\/contact\/","og_locale":"fr_FR","og_type":"article","og_title":"Connectez-vous avec les avocats de Beelex","og_description":"Prenez contact avec Beelex, votre cabinet d'avocats \u00e0 Luxembourg. Remplissez notre formulaire de contact ou contactez-nous directement par t\u00e9l\u00e9phone ou email pour discuter de vos besoins juridiques et obtenir des solutions sur mesure.","og_url":"https:\/\/www.beelexavocats.com\/fr\/contact\/","og_site_name":"Beelex","article_modified_time":"2024-10-30T10:01:03+00:00","og_image":[{"url":"https:\/\/www.beelexavocats.com\/wp-content\/uploads\/2024\/08\/001-call.png","type":"","width":"","height":""}],"twitter_card":"summary_large_image","twitter_misc":{"Dur\u00e9e de lecture estim\u00e9e":"2 minutes"},"schema":{"@context":"https:\/\/schema.org","@graph":[{"@type":"WebPage","@id":"https:\/\/www.beelexavocats.com\/fr\/contact\/","url":"https:\/\/www.beelexavocats.com\/fr\/contact\/","name":"Connectez-vous avec les avocats de Beelex","isPartOf":{"@id":"https:\/\/www.beelexavocats.com\/#website"},"primaryImageOfPage":{"@id":"https:\/\/www.beelexavocats.com\/fr\/contact\/#primaryimage"},"image":{"@id":"https:\/\/www.beelexavocats.com\/fr\/contact\/#primaryimage"},"thumbnailUrl":"https:\/\/www.beelexavocats.com\/wp-content\/uploads\/2024\/08\/001-call.png","datePublished":"2024-08-27T11:14:20+00:00","dateModified":"2024-10-30T10:01:03+00:00","description":"Prenez contact avec Beelex, votre cabinet d'avocats \u00e0 Luxembourg. Remplissez notre formulaire de contact ou contactez-nous directement par t\u00e9l\u00e9phone ou email pour discuter de vos besoins juridiques et obtenir des solutions sur mesure.","breadcrumb":{"@id":"https:\/\/www.beelexavocats.com\/fr\/contact\/#breadcrumb"},"inLanguage":"fr-FR","potentialAction":[{"@type":"ReadAction","target":["https:\/\/www.beelexavocats.com\/fr\/contact\/"]}]},{"@type":"ImageObject","inLanguage":"fr-FR","@id":"https:\/\/www.beelexavocats.com\/fr\/contact\/#primaryimage","url":"https:\/\/www.beelexavocats.com\/wp-content\/uploads\/2024\/08\/001-call.png","contentUrl":"https:\/\/www.beelexavocats.com\/wp-content\/uploads\/2024\/08\/001-call.png"},{"@type":"BreadcrumbList","@id":"https:\/\/www.beelexavocats.com\/fr\/contact\/#breadcrumb","itemListElement":[{"@type":"ListItem","position":1,"name":"Accueil","item":"https:\/\/www.beelexavocats.com\/fr\/accueil\/"},{"@type":"ListItem","position":2,"name":"Contact"}]},{"@type":"WebSite","@id":"https:\/\/www.beelexavocats.com\/#website","url":"https:\/\/www.beelexavocats.com\/","name":"Beelex Avocats","description":"Partenaire juridique \u00e0 360\u00b0 au Luxembourg","publisher":{"@id":"https:\/\/www.beelexavocats.com\/#organization"},"potentialAction":[{"@type":"SearchAction","target":{"@type":"EntryPoint","urlTemplate":"https:\/\/www.beelexavocats.com\/?s={search_term_string}"},"query-input":{"@type":"PropertyValueSpecification","valueRequired":true,"valueName":"search_term_string"}}],"inLanguage":"fr-FR"},{"@type":"Organization","@id":"https:\/\/www.beelexavocats.com\/#organization","name":"Beelex Avocats","url":"https:\/\/www.beelexavocats.com\/","logo":{"@type":"ImageObject","inLanguage":"fr-FR","@id":"https:\/\/www.beelexavocats.com\/#\/schema\/logo\/image\/","url":"https:\/\/www.beelexavocats.com\/wp-content\/uploads\/2024\/07\/Beelex-logo-blanc.png","contentUrl":"https:\/\/www.beelexavocats.com\/wp-content\/uploads\/2024\/07\/Beelex-logo-blanc.png","width":1890,"height":1890,"caption":"Beelex Avocats"},"image":{"@id":"https:\/\/www.beelexavocats.com\/#\/schema\/logo\/image\/"}}]}},"_links":{"self":[{"href":"https:\/\/www.beelexavocats.com\/fr\/wp-json\/wp\/v2\/pages\/801","targetHints":{"allow":["GET"]}}],"collection":[{"href":"https:\/\/www.beelexavocats.com\/fr\/wp-json\/wp\/v2\/pages"}],"about":[{"href":"https:\/\/www.beelexavocats.com\/fr\/wp-json\/wp\/v2\/types\/page"}],"author":[{"embeddable":true,"href":"https:\/\/www.beelexavocats.com\/fr\/wp-json\/wp\/v2\/users\/2"}],"replies":[{"embeddable":true,"href":"https:\/\/www.beelexavocats.com\/fr\/wp-json\/wp\/v2\/comments?post=801"}],"version-history":[{"count":16,"href":"https:\/\/www.beelexavocats.com\/fr\/wp-json\/wp\/v2\/pages\/801\/revisions"}],"predecessor-version":[{"id":883,"href":"https:\/\/www.beelexavocats.com\/fr\/wp-json\/wp\/v2\/pages\/801\/revisions\/883"}],"wp:attachment":[{"href":"https:\/\/www.beelexavocats.com\/fr\/wp-json\/wp\/v2\/media?parent=801"}],"curies":[{"name":"wp","href":"https:\/\/api.w.org\/{rel}","templated":true}]}}